{"id":6463,"date":"2021-05-26T21:23:15","date_gmt":"2021-05-26T21:23:15","guid":{"rendered":"https:\/\/wpsites.agenciakerno.com.br\/ear-site\/welcome-page\/"},"modified":"2023-04-12T18:18:10","modified_gmt":"2023-04-12T18:18:10","slug":"welcome-page","status":"publish","type":"page","link":"https:\/\/www.ear.com.br\/pt-br\/welcome-page\/","title":{"rendered":"Bem-vindos"},"content":{"rendered":"\t\t<div data-elementor-type=\"wp-page\" data-elementor-id=\"6463\" class=\"elementor elementor-6463 elementor-4468\">\n\t\t\t\t\t\t\t\t\t<section data-dce-background-color=\"#F7F7F7\" data-dce-background-image-url=\"https:\/\/ear.com.br\/wp-content\/uploads\/2021\/12\/header-welcome-superintendent-1.jpg\" class=\"elementor-section elementor-top-section elementor-element elementor-element-c6fa38e elementor-section-height-min-height elementor-section-boxed elementor-section-height-default elementor-section-items-middle\" data-id=\"c6fa38e\" data-element_type=\"section\" data-settings=\"{&quot;jet_parallax_layout_list&quot;:[{&quot;jet_parallax_layout_image&quot;:{&quot;url&quot;:&quot;&quot;,&quot;id&quot;:&quot;&quot;},&quot;_id&quot;:&quot;3409c09&quot;,&quot;jet_parallax_layout_image_tablet&quot;:{&quot;url&quot;:&quot;&quot;,&quot;id&quot;:&quot;&quot;},&quot;jet_parallax_layout_image_mobile&quot;:{&quot;url&quot;:&quot;&quot;,&quot;id&quot;:&quot;&quot;},&quot;jet_parallax_layout_speed&quot;:{&quot;unit&quot;:&quot;%&quot;,&quot;size&quot;:50,&quot;sizes&quot;:[]},&quot;jet_parallax_layout_type&quot;:&quot;scroll&quot;,&quot;jet_parallax_layout_direction&quot;:null,&quot;jet_parallax_layout_fx_direction&quot;:null,&quot;jet_parallax_layout_z_index&quot;:&quot;&quot;,&quot;jet_parallax_layout_bg_x&quot;:50,&quot;jet_parallax_layout_bg_x_tablet&quot;:&quot;&quot;,&quot;jet_parallax_layout_bg_x_mobile&quot;:&quot;&quot;,&quot;jet_parallax_layout_bg_y&quot;:50,&quot;jet_parallax_layout_bg_y_tablet&quot;:&quot;&quot;,&quot;jet_parallax_layout_bg_y_mobile&quot;:&quot;&quot;,&quot;jet_parallax_layout_bg_size&quot;:&quot;auto&quot;,&quot;jet_parallax_layout_bg_size_tablet&quot;:&quot;&quot;,&quot;jet_parallax_layout_bg_size_mobile&quot;:&quot;&quot;,&quot;jet_parallax_layout_animation_prop&quot;:&quot;transform&quot;,&quot;jet_parallax_layout_on&quot;:[&quot;desktop&quot;,&quot;tablet&quot;]}],&quot;background_background&quot;:&quot;classic&quot;}\">\n\t\t\t\t\t\t\t<div class=\"elementor-background-overlay\"><\/div>\n\t\t\t\t\t\t\t<div class=\"elementor-container elementor-column-gap-no\">\n\t\t\t\t\t<div class=\"elementor-column elementor-col-50 elementor-top-column elementor-element elementor-element-2e01d48\" data-id=\"2e01d48\" data-element_type=\"column\">\n\t\t\t<div class=\"elementor-widget-wrap elementor-element-populated\">\n\t\t\t\t\t\t\t\t<div class=\"elementor-element elementor-element-9c20f4a elementor-widget elementor-widget-heading\" data-id=\"9c20f4a\" data-element_type=\"widget\" data-widget_type=\"heading.default\">\n\t\t\t\t<div class=\"elementor-widget-container\">\n\t\t\t<h1 class=\"elementor-heading-title elementor-size-default\">Voando com destino \u00e0 excel\u00eancia!<\/h1>\t\t<\/div>\n\t\t\t\t<\/div>\n\t\t\t\t<div class=\"elementor-element elementor-element-2a82d8a elementor-widget-divider--view-line elementor-widget elementor-widget-divider\" data-id=\"2a82d8a\" data-element_type=\"widget\" data-widget_type=\"divider.default\">\n\t\t\t\t<div class=\"elementor-widget-container\">\n\t\t\t\t\t<div class=\"elementor-divider\">\n\t\t\t<span class=\"elementor-divider-separator\">\n\t\t\t\t\t\t<\/span>\n\t\t<\/div>\n\t\t\t\t<\/div>\n\t\t\t\t<\/div>\n\t\t\t\t<div class=\"elementor-element elementor-element-57ef2dc elementor-widget elementor-widget-text-editor\" data-id=\"57ef2dc\" data-element_type=\"widget\" data-widget_type=\"text-editor.default\">\n\t\t\t\t<div class=\"elementor-widget-container\">\n\t\t\t\t\t\t\t<p><span style=\"font-weight: 400;\">Prezadas Fam\u00edlias, bem-vindos \u00e0 Escola Americana de Recife! Somos uma escola particular americana que oferece os curr\u00edculos de estudos norte-americano e brasileiro.<\/span><\/p>\n\t\t\t\t\t\t<\/div>\n\t\t\t\t<\/div>\n\t\t\t\t\t<\/div>\n\t\t<\/div>\n\t\t\t\t<div class=\"elementor-column elementor-col-50 elementor-top-column elementor-element elementor-element-5f60e91\" data-id=\"5f60e91\" data-element_type=\"column\">\n\t\t\t<div class=\"elementor-widget-wrap\">\n\t\t\t\t\t\t\t\t\t<\/div>\n\t\t<\/div>\n\t\t\t\t\t\t\t<\/div>\n\t\t<\/section>\n\t\t\t\t<section class=\"elementor-section elementor-top-section elementor-element elementor-element-1f8a2df7 elementor-section-stretched elementor-section-boxed elementor-section-height-default elementor-section-height-default\" data-id=\"1f8a2df7\" data-element_type=\"section\" data-settings=\"{&quot;stretch_section&quot;:&quot;section-stretched&quot;,&quot;jet_parallax_layout_list&quot;:[{&quot;jet_parallax_layout_image&quot;:{&quot;url&quot;:&quot;&quot;,&quot;id&quot;:&quot;&quot;},&quot;_id&quot;:&quot;b293334&quot;,&quot;jet_parallax_layout_image_tablet&quot;:{&quot;url&quot;:&quot;&quot;,&quot;id&quot;:&quot;&quot;},&quot;jet_parallax_layout_image_mobile&quot;:{&quot;url&quot;:&quot;&quot;,&quot;id&quot;:&quot;&quot;},&quot;jet_parallax_layout_speed&quot;:{&quot;unit&quot;:&quot;%&quot;,&quot;size&quot;:50,&quot;sizes&quot;:[]},&quot;jet_parallax_layout_type&quot;:&quot;scroll&quot;,&quot;jet_parallax_layout_direction&quot;:null,&quot;jet_parallax_layout_fx_direction&quot;:null,&quot;jet_parallax_layout_z_index&quot;:&quot;&quot;,&quot;jet_parallax_layout_bg_x&quot;:50,&quot;jet_parallax_layout_bg_x_tablet&quot;:&quot;&quot;,&quot;jet_parallax_layout_bg_x_mobile&quot;:&quot;&quot;,&quot;jet_parallax_layout_bg_y&quot;:50,&quot;jet_parallax_layout_bg_y_tablet&quot;:&quot;&quot;,&quot;jet_parallax_layout_bg_y_mobile&quot;:&quot;&quot;,&quot;jet_parallax_layout_bg_size&quot;:&quot;auto&quot;,&quot;jet_parallax_layout_bg_size_tablet&quot;:&quot;&quot;,&quot;jet_parallax_layout_bg_size_mobile&quot;:&quot;&quot;,&quot;jet_parallax_layout_animation_prop&quot;:&quot;transform&quot;,&quot;jet_parallax_layout_on&quot;:[&quot;desktop&quot;,&quot;tablet&quot;]}]}\">\n\t\t\t\t\t\t<div class=\"elementor-container elementor-column-gap-no\">\n\t\t\t\t\t<div class=\"elementor-column elementor-col-100 elementor-top-column elementor-element elementor-element-40080b64\" data-id=\"40080b64\" data-element_type=\"column\">\n\t\t\t<div class=\"elementor-widget-wrap elementor-element-populated\">\n\t\t\t\t\t\t\t\t<div class=\"elementor-element elementor-element-740530ec elementor-widget elementor-widget-text-editor\" data-id=\"740530ec\" data-element_type=\"widget\" data-widget_type=\"text-editor.default\">\n\t\t\t\t<div class=\"elementor-widget-container\">\n\t\t\t\t\t\t\t<p><span style=\"font-weight: 400;\">A Miss\u00e3o da Escola Americana de Recife enfatiza nosso compromisso em moldar \u201cestudantes ao longo da vida com uma perspectiva internacional\u201d, alcan\u00e7ando seu potencial, criando \u201cpensadores cr\u00edticos\u201d que estar\u00e3o totalmente capacitados para serem \u201ccidad\u00e3os do mundo respons\u00e1veis\u201d.<\/span><\/p><p><span style=\"font-weight: 400;\"> A EAR n\u00e3o visa apenas a excel\u00eancia acad\u00eamica (como visto em nossos sucessos nas avalia\u00e7\u00f5es formativa e sumativa, pontua\u00e7\u00f5es no teste MAP, pontua\u00e7\u00f5es AP e aceita\u00e7\u00f5es em universidades), tamb\u00e9m visamos educar a crian\u00e7a por inteiro. O s\u00e9culo 21 \u00e9 muito diferente do s\u00e9culo 20 e as mudan\u00e7as est\u00e3o ocorrendo em um ritmo muito mais r\u00e1pido. \u00c9 nossa vis\u00e3o preparar os graduados da EAR para estarem prontos para essas mudan\u00e7as.<\/span><\/p><p><span style=\"font-weight: 400;\">O poder de nossos jovens e seu potencial de lideran\u00e7a nunca podem ser subestimados. Acreditamos no poder de aprender e formar alunos que far\u00e3o do mundo um lugar melhor e mais pac\u00edfico do que \u00e9 hoje. N\u00f3s estamos moldando os l\u00edderes para as gera\u00e7\u00f5es futuras.<\/span><\/p><p><span style=\"font-weight: 400;\">Nossos novos pr\u00e9dios e planos de constru\u00e7\u00e3o continuam a garantir que a EAR tenha as melhores instala\u00e7\u00f5es poss\u00edveis. Al\u00e9m disso, contratamos e desenvolvemos professores excepcionais de todo o mundo. H\u00e1 muito o que fazer nos pr\u00f3ximos anos, com muitos desafios a enfrentar. Da mesma forma, existem muitas oportunidades a serem aproveitadas. Estamos cada vez mais forte e continuaremos sendo uma das escolas l\u00edderes no Brasil e na Am\u00e9rica do Sul.<\/span><\/p><p><span style=\"font-weight: 400;\">Quer voc\u00ea seja um estudante estrangeiro ou um(uma) pai\/m\u00e3e considerando a mudan\u00e7a de seu(sua) filho(a) para a nossa escola, esperamos que encontre as respostas para suas perguntas neste site. Sinta-se \u00e0 vontade para agendar uma visita e ver nossa escola em a\u00e7\u00e3o. Entre em contato conosco se tiver d\u00favidas sobre nossos programas e servi\u00e7os educacionais excepcionais.<\/span><\/p>\t\t\t\t\t\t<\/div>\n\t\t\t\t<\/div>\n\t\t\t\t\t<\/div>\n\t\t<\/div>\n\t\t\t\t\t\t\t<\/div>\n\t\t<\/section>\n\t\t\t\t<section data-dce-background-color=\"#287497\" data-dce-background-image-url=\"https:\/\/ear.com.br\/wp-content\/uploads\/2020\/12\/detalhe-test.png\" class=\"elementor-section elementor-top-section elementor-element elementor-element-1a1231c2 elementor-section-boxed elementor-section-height-default elementor-section-height-default\" data-id=\"1a1231c2\" data-element_type=\"section\" data-settings=\"{&quot;jet_parallax_layout_list&quot;:[{&quot;jet_parallax_layout_image&quot;:{&quot;url&quot;:&quot;&quot;,&quot;id&quot;:&quot;&quot;},&quot;_id&quot;:&quot;3409c09&quot;,&quot;jet_parallax_layout_image_tablet&quot;:{&quot;url&quot;:&quot;&quot;,&quot;id&quot;:&quot;&quot;},&quot;jet_parallax_layout_image_mobile&quot;:{&quot;url&quot;:&quot;&quot;,&quot;id&quot;:&quot;&quot;},&quot;jet_parallax_layout_speed&quot;:{&quot;unit&quot;:&quot;%&quot;,&quot;size&quot;:50,&quot;sizes&quot;:[]},&quot;jet_parallax_layout_type&quot;:&quot;scroll&quot;,&quot;jet_parallax_layout_direction&quot;:null,&quot;jet_parallax_layout_fx_direction&quot;:null,&quot;jet_parallax_layout_z_index&quot;:&quot;&quot;,&quot;jet_parallax_layout_bg_x&quot;:50,&quot;jet_parallax_layout_bg_x_tablet&quot;:&quot;&quot;,&quot;jet_parallax_layout_bg_x_mobile&quot;:&quot;&quot;,&quot;jet_parallax_layout_bg_y&quot;:50,&quot;jet_parallax_layout_bg_y_tablet&quot;:&quot;&quot;,&quot;jet_parallax_layout_bg_y_mobile&quot;:&quot;&quot;,&quot;jet_parallax_layout_bg_size&quot;:&quot;auto&quot;,&quot;jet_parallax_layout_bg_size_tablet&quot;:&quot;&quot;,&quot;jet_parallax_layout_bg_size_mobile&quot;:&quot;&quot;,&quot;jet_parallax_layout_animation_prop&quot;:&quot;transform&quot;,&quot;jet_parallax_layout_on&quot;:[&quot;desktop&quot;,&quot;tablet&quot;]}],&quot;background_background&quot;:&quot;classic&quot;}\">\n\t\t\t\t\t\t<div class=\"elementor-container elementor-column-gap-no\">\n\t\t\t\t\t<div class=\"elementor-column elementor-col-50 elementor-top-column elementor-element elementor-element-3e9abb2b\" data-id=\"3e9abb2b\" data-element_type=\"column\">\n\t\t\t<div class=\"elementor-widget-wrap elementor-element-populated\">\n\t\t\t\t\t\t\t\t<div class=\"elementor-element elementor-element-bf32dd7 dce_masking-none elementor-widget elementor-widget-image\" data-id=\"bf32dd7\" data-element_type=\"widget\" data-widget_type=\"image.default\">\n\t\t\t\t<div class=\"elementor-widget-container\">\n\t\t\t\t\t\t\t\t\t\t\t\t\t\t\t<img loading=\"lazy\" decoding=\"async\" width=\"1000\" height=\"1000\" src=\"https:\/\/www.ear.com.br\/wp-content\/uploads\/2021\/07\/welcome-foto.jpg\" class=\"attachment-large size-large\" alt=\"\" srcset=\"https:\/\/www.ear.com.br\/wp-content\/uploads\/2021\/07\/welcome-foto.jpg 1000w, https:\/\/www.ear.com.br\/wp-content\/uploads\/2021\/07\/welcome-foto-300x300.jpg 300w, https:\/\/www.ear.com.br\/wp-content\/uploads\/2021\/07\/welcome-foto-150x150.jpg 150w, https:\/\/www.ear.com.br\/wp-content\/uploads\/2021\/07\/welcome-foto-768x768.jpg 768w, https:\/\/www.ear.com.br\/wp-content\/uploads\/2021\/07\/welcome-foto-230x230.jpg 230w, https:\/\/www.ear.com.br\/wp-content\/uploads\/2021\/07\/welcome-foto-400x400.jpg 400w, https:\/\/www.ear.com.br\/wp-content\/uploads\/2021\/07\/welcome-foto-600x600.jpg 600w, https:\/\/www.ear.com.br\/wp-content\/uploads\/2021\/07\/welcome-foto-640x640.jpg 640w\" sizes=\"auto, (max-width: 1000px) 100vw, 1000px\" \/>\t\t\t\t\t\t\t\t\t\t\t\t\t\t\t<\/div>\n\t\t\t\t<\/div>\n\t\t\t\t\t<\/div>\n\t\t<\/div>\n\t\t\t\t<div class=\"elementor-column elementor-col-50 elementor-top-column elementor-element elementor-element-1c7e76a0\" data-id=\"1c7e76a0\" data-element_type=\"column\">\n\t\t\t<div class=\"elementor-widget-wrap elementor-element-populated\">\n\t\t\t\t\t\t\t\t<div class=\"elementor-element elementor-element-6cde9623 elementor-widget elementor-widget-heading\" data-id=\"6cde9623\" data-element_type=\"widget\" data-widget_type=\"heading.default\">\n\t\t\t\t<div class=\"elementor-widget-container\">\n\t\t\t<h2 class=\"elementor-heading-title elementor-size-default\">Bem-Vindos a Escola Americana do Recife!\n<\/h2>\t\t<\/div>\n\t\t\t\t<\/div>\n\t\t\t\t<div class=\"elementor-element elementor-element-4d7d918d elementor-widget-divider--view-line elementor-widget elementor-widget-divider\" data-id=\"4d7d918d\" data-element_type=\"widget\" data-widget_type=\"divider.default\">\n\t\t\t\t<div class=\"elementor-widget-container\">\n\t\t\t\t\t<div class=\"elementor-divider\">\n\t\t\t<span class=\"elementor-divider-separator\">\n\t\t\t\t\t\t<\/span>\n\t\t<\/div>\n\t\t\t\t<\/div>\n\t\t\t\t<\/div>\n\t\t\t\t\t<\/div>\n\t\t<\/div>\n\t\t\t\t\t\t\t<\/div>\n\t\t<\/section>\n\t\t\t\t\t\t\t<\/div>\n\t\t","protected":false},"excerpt":{"rendered":"<p>Voando com destino \u00e0 excel\u00eancia! Prezadas Fam\u00edlias, bem-vindos \u00e0 Escola Americana de Recife! Somos uma escola particular americana que oferece os curr\u00edculos de estudos norte-americano e brasileiro. A Miss\u00e3o da [&hellip;]<\/p>\n","protected":false},"author":1,"featured_media":0,"parent":0,"menu_order":0,"comment_status":"closed","ping_status":"closed","template":"elementor_header_footer","meta":{"footnotes":""},"class_list":["post-6463","page","type-page","status-publish","hentry"],"_links":{"self":[{"href":"https:\/\/www.ear.com.br\/pt-br\/wp-json\/wp\/v2\/pages\/6463","targetHints":{"allow":["GET"]}}],"collection":[{"href":"https:\/\/www.ear.com.br\/pt-br\/wp-json\/wp\/v2\/pages"}],"about":[{"href":"https:\/\/www.ear.com.br\/pt-br\/wp-json\/wp\/v2\/types\/page"}],"author":[{"embeddable":true,"href":"https:\/\/www.ear.com.br\/pt-br\/wp-json\/wp\/v2\/users\/1"}],"replies":[{"embeddable":true,"href":"https:\/\/www.ear.com.br\/pt-br\/wp-json\/wp\/v2\/comments?post=6463"}],"version-history":[{"count":18,"href":"https:\/\/www.ear.com.br\/pt-br\/wp-json\/wp\/v2\/pages\/6463\/revisions"}],"predecessor-version":[{"id":21228,"href":"https:\/\/www.ear.com.br\/pt-br\/wp-json\/wp\/v2\/pages\/6463\/revisions\/21228"}],"wp:attachment":[{"href":"https:\/\/www.ear.com.br\/pt-br\/wp-json\/wp\/v2\/media?parent=6463"}],"curies":[{"name":"wp","href":"https:\/\/api.w.org\/{rel}","templated":true}]}}