{"id":6473,"date":"2021-05-06T03:06:46","date_gmt":"2021-05-06T03:06:46","guid":{"rendered":"https:\/\/wpsites.agenciakerno.com.br\/ear-site\/health-department\/"},"modified":"2023-06-30T18:53:51","modified_gmt":"2023-06-30T18:53:51","slug":"health-department","status":"publish","type":"page","link":"https:\/\/www.ear.com.br\/pt-br\/community\/family\/health-department\/","title":{"rendered":"Dept. de Sa\u00fade"},"content":{"rendered":"\t\t<div data-elementor-type=\"wp-page\" data-elementor-id=\"6473\" class=\"elementor elementor-6473 elementor-4241\">\n\t\t\t\t\t\t\t\t\t<section data-dce-background-color=\"#F7F7F7\" data-dce-background-overlay-color=\"#000000\" data-dce-background-image-url=\"https:\/\/ear.com.br\/wp-content\/uploads\/2022\/03\/01-header-health.jpg\" class=\"elementor-section elementor-top-section elementor-element elementor-element-aaab344 elementor-section-height-min-height elementor-section-boxed elementor-section-height-default elementor-section-items-middle\" data-id=\"aaab344\" data-element_type=\"section\" data-settings=\"{&quot;jet_parallax_layout_list&quot;:[{&quot;jet_parallax_layout_image&quot;:{&quot;url&quot;:&quot;&quot;,&quot;id&quot;:&quot;&quot;},&quot;_id&quot;:&quot;3409c09&quot;,&quot;jet_parallax_layout_image_tablet&quot;:{&quot;url&quot;:&quot;&quot;,&quot;id&quot;:&quot;&quot;},&quot;jet_parallax_layout_image_mobile&quot;:{&quot;url&quot;:&quot;&quot;,&quot;id&quot;:&quot;&quot;},&quot;jet_parallax_layout_speed&quot;:{&quot;unit&quot;:&quot;%&quot;,&quot;size&quot;:50,&quot;sizes&quot;:[]},&quot;jet_parallax_layout_type&quot;:&quot;scroll&quot;,&quot;jet_parallax_layout_direction&quot;:null,&quot;jet_parallax_layout_fx_direction&quot;:null,&quot;jet_parallax_layout_z_index&quot;:&quot;&quot;,&quot;jet_parallax_layout_bg_x&quot;:50,&quot;jet_parallax_layout_bg_x_tablet&quot;:&quot;&quot;,&quot;jet_parallax_layout_bg_x_mobile&quot;:&quot;&quot;,&quot;jet_parallax_layout_bg_y&quot;:50,&quot;jet_parallax_layout_bg_y_tablet&quot;:&quot;&quot;,&quot;jet_parallax_layout_bg_y_mobile&quot;:&quot;&quot;,&quot;jet_parallax_layout_bg_size&quot;:&quot;auto&quot;,&quot;jet_parallax_layout_bg_size_tablet&quot;:&quot;&quot;,&quot;jet_parallax_layout_bg_size_mobile&quot;:&quot;&quot;,&quot;jet_parallax_layout_animation_prop&quot;:&quot;transform&quot;,&quot;jet_parallax_layout_on&quot;:[&quot;desktop&quot;,&quot;tablet&quot;]}],&quot;background_background&quot;:&quot;classic&quot;}\">\n\t\t\t\t\t\t\t<div class=\"elementor-background-overlay\"><\/div>\n\t\t\t\t\t\t\t<div class=\"elementor-container elementor-column-gap-no\">\n\t\t\t\t\t<div class=\"elementor-column elementor-col-50 elementor-top-column elementor-element elementor-element-206949f\" data-id=\"206949f\" data-element_type=\"column\">\n\t\t\t<div class=\"elementor-widget-wrap elementor-element-populated\">\n\t\t\t\t\t\t\t\t<div class=\"elementor-element elementor-element-a90b004 elementor-widget elementor-widget-heading\" data-id=\"a90b004\" data-element_type=\"widget\" data-widget_type=\"heading.default\">\n\t\t\t\t<div class=\"elementor-widget-container\">\n\t\t\t<h1 class=\"elementor-heading-title elementor-size-default\">A sa\u00fade \u00e9 preciosa - Proteja-a<\/h1>\t\t<\/div>\n\t\t\t\t<\/div>\n\t\t\t\t<div class=\"elementor-element elementor-element-ba24d46 elementor-widget-divider--view-line elementor-widget elementor-widget-divider\" data-id=\"ba24d46\" data-element_type=\"widget\" data-widget_type=\"divider.default\">\n\t\t\t\t<div class=\"elementor-widget-container\">\n\t\t\t\t\t<div class=\"elementor-divider\">\n\t\t\t<span class=\"elementor-divider-separator\">\n\t\t\t\t\t\t<\/span>\n\t\t<\/div>\n\t\t\t\t<\/div>\n\t\t\t\t<\/div>\n\t\t\t\t<div class=\"elementor-element elementor-element-7be140d elementor-widget elementor-widget-text-editor\" data-id=\"7be140d\" data-element_type=\"widget\" data-widget_type=\"text-editor.default\">\n\t\t\t\t<div class=\"elementor-widget-container\">\n\t\t\t\t\t\t\t<p><span style=\"font-weight: 400;\">A enfermaria da EAR est\u00e1 aberta das 8:00 \u00e0s 17:00 nos dias escolares.<\/span><\/p>\n\t\t\t\t\t\t<\/div>\n\t\t\t\t<\/div>\n\t\t\t\t\t<\/div>\n\t\t<\/div>\n\t\t\t\t<div class=\"elementor-column elementor-col-50 elementor-top-column elementor-element elementor-element-8f2a4a9\" data-id=\"8f2a4a9\" data-element_type=\"column\">\n\t\t\t<div class=\"elementor-widget-wrap\">\n\t\t\t\t\t\t\t\t\t<\/div>\n\t\t<\/div>\n\t\t\t\t\t\t\t<\/div>\n\t\t<\/section>\n\t\t\t\t<section class=\"elementor-section elementor-top-section elementor-element elementor-element-7e22bf10 elementor-section-stretched elementor-section-boxed elementor-section-height-default elementor-section-height-default\" data-id=\"7e22bf10\" data-element_type=\"section\" data-settings=\"{&quot;stretch_section&quot;:&quot;section-stretched&quot;,&quot;jet_parallax_layout_list&quot;:[{&quot;jet_parallax_layout_image&quot;:{&quot;url&quot;:&quot;&quot;,&quot;id&quot;:&quot;&quot;},&quot;_id&quot;:&quot;b293334&quot;,&quot;jet_parallax_layout_image_tablet&quot;:{&quot;url&quot;:&quot;&quot;,&quot;id&quot;:&quot;&quot;},&quot;jet_parallax_layout_image_mobile&quot;:{&quot;url&quot;:&quot;&quot;,&quot;id&quot;:&quot;&quot;},&quot;jet_parallax_layout_speed&quot;:{&quot;unit&quot;:&quot;%&quot;,&quot;size&quot;:50,&quot;sizes&quot;:[]},&quot;jet_parallax_layout_type&quot;:&quot;scroll&quot;,&quot;jet_parallax_layout_direction&quot;:null,&quot;jet_parallax_layout_fx_direction&quot;:null,&quot;jet_parallax_layout_z_index&quot;:&quot;&quot;,&quot;jet_parallax_layout_bg_x&quot;:50,&quot;jet_parallax_layout_bg_x_tablet&quot;:&quot;&quot;,&quot;jet_parallax_layout_bg_x_mobile&quot;:&quot;&quot;,&quot;jet_parallax_layout_bg_y&quot;:50,&quot;jet_parallax_layout_bg_y_tablet&quot;:&quot;&quot;,&quot;jet_parallax_layout_bg_y_mobile&quot;:&quot;&quot;,&quot;jet_parallax_layout_bg_size&quot;:&quot;auto&quot;,&quot;jet_parallax_layout_bg_size_tablet&quot;:&quot;&quot;,&quot;jet_parallax_layout_bg_size_mobile&quot;:&quot;&quot;,&quot;jet_parallax_layout_animation_prop&quot;:&quot;transform&quot;,&quot;jet_parallax_layout_on&quot;:[&quot;desktop&quot;,&quot;tablet&quot;]}]}\">\n\t\t\t\t\t\t<div class=\"elementor-container elementor-column-gap-no\">\n\t\t\t\t\t<div class=\"elementor-column elementor-col-100 elementor-top-column elementor-element elementor-element-7c2bfbd9\" data-id=\"7c2bfbd9\" data-element_type=\"column\">\n\t\t\t<div class=\"elementor-widget-wrap elementor-element-populated\">\n\t\t\t\t\t\t\t\t<div class=\"elementor-element elementor-element-64f5e3e0 elementor-widget elementor-widget-text-editor\" data-id=\"64f5e3e0\" data-element_type=\"widget\" data-widget_type=\"text-editor.default\">\n\t\t\t\t<div class=\"elementor-widget-container\">\n\t\t\t\t\t\t\t<p><span style=\"font-weight: 400;\">A enfermaria fornece primeiro socorros, medicamentos e orienta\u00e7\u00f5es sobre quest\u00f5es de sa\u00fade para a comunidade EAR. Les\u00f5es, doen\u00e7as e casos infrequentes de asma, epis\u00f3dios hipoglic\u00eamicos, rea\u00e7\u00f5es al\u00e9rgicas e outras ocorr\u00eancias s\u00e3o os assuntos mais atendidos.<\/span><\/p>\n<p><span style=\"font-weight: 400;\">No ano letivo normal, a nossa enfermaria tem uma frequ\u00eancia m\u00e9dia di\u00e1ria de 60 alunos \/ funcion\u00e1rios, e uma m\u00e9dia de 1.000 atendimentos por m\u00eas.<\/span><\/p>\n<p><span style=\"font-weight: 400;\">A enfermaria foi reformada recentemente. Como consequ\u00eancia da pandemia Covid-19, reorganizamos nosso espa\u00e7o f\u00edsico, criamos <\/span><a href=\"about:blankhttps:\/\/wpsites.agenciakerno.com.br\/ear-site\/wp-content\/uploads\/2021\/07\/5.4.1.1-ear_covid19_protocol_compressed.pdf\" target=\"_blank\" rel=\"noopener\"><span style=\"font-weight: 400;\">novos procedimentos de atendimento<\/span><\/a> <span style=\"font-weight: 400;\">de acordo com os protocolos de sa\u00fade do CDC. Atendemos at\u00e9 duas pessoas ao mesmo tempo (para evitar aglomera\u00e7\u00e3o), e temos uma \u00c1rea de Isolamento dentro da enfermaria cuja sala s\u00f3 ser\u00e1 utilizada quando houver suspeita de casos de COVID-19 em nossa escola. O outro local \u00e9 a Sala de Rotina de Atendimento, utilizada para atendimento geral. Todos os cuidados s\u00e3o registrados (hor\u00e1rio de chegada e sa\u00edda, nome do aluno, s\u00e9rie, sintomas do aluno, primeiros socorros realizados, recomenda\u00e7\u00e3o de cuidados) e enviamos mensagens no JupiterEd para os pais. Por favor, <\/span><a href=\"https:\/\/login.jupitered.com\/login\/index.php\" target=\"_blank\" rel=\"noopener\"><span style=\"font-weight: 400;\">leia essa p\u00e1gina para saber<\/span><\/a><span style=\"font-weight: 400;\">mais sobre o v\u00edrus e os protocolos adotados pela EAR.<\/span><\/p>\n<p><span style=\"font-weight: 400;\">Por favor, esteja ciente de que crian\u00e7as e beb\u00eas que v\u00e3o para a pr\u00e9-escola t\u00eam maior chance de ficarem doentes porque ficam com mais crian\u00e7as por longos per\u00edodos de tempo. Para ajudar a reduzir as chances de contamina\u00e7\u00e3o, crian\u00e7as com doen\u00e7as contagiosas devem ser mantidas em casa. Solicitamos que deixe seu filho do ensino infantil em casa se ele\/ela apresentou algum dos seguintes sintomas:<\/span><\/p>\n<p><em><strong>FEBRE<\/strong><\/em><\/p>\n<p><span style=\"font-weight: 400;\">Se seu filho estiver com temperatura de 37,8 \u00b0C, ele deve ficar em casa e s\u00f3 voltar \u00e0 escola 24 horas ap\u00f3s o desaparecimento total da febre.<\/span><\/p>\n<p><strong><em>V\u00d4MITO ou DIARR\u00c9IA<\/em><\/strong><\/p>\n<p><span style=\"font-weight: 400;\">Seu filho deve ficar em casa e s\u00f3 voltar \u00e0 escola 24 horas ap\u00f3s o t\u00e9rmino dos epis\u00f3dios de v\u00f4mito \/ diarreia.<\/span><\/p>\n<p><em><strong>CONJUNTIVITE<\/strong><\/em><\/p>\n<p><span style=\"font-weight: 400;\">A conjuntivite \u00e9 uma doen\u00e7a muito contagiosa. Se os olhos estiverem vermelhos, com coceira ou apresentarem algum sinal ou infec\u00e7\u00e3o, mantenha seu filho em casa. As crian\u00e7as com esse tipo de infec\u00e7\u00e3o devem retornar ap\u00f3s a conclus\u00e3o do tratamento e quando n\u00e3o houver risco de contamina\u00e7\u00e3o.<\/span><\/p>\n<p><em><strong>SINAIS E SINTOMAS<\/strong><\/em><\/p>\n<p><span style=\"font-weight: 400;\">Seu filho deve ficar em casa se apresentar sinais e sintomas que possam sugerir processos infecciosos como febre, dores no corpo, dor de garganta, dor de cabe\u00e7a, coriza com muco amarelo ou verde, fadiga, pele avermelhada e coceira.<\/span><\/p>\n<p><em><strong>ERUP\u00c7\u00c3O CUT\u00c2NEA<\/strong><\/em><\/p>\n<p><span style=\"font-weight: 400;\">Diferentes tipos de erup\u00e7\u00e3o podem ser sintomas de muitas doen\u00e7as infecciosas ou n\u00e3o infecciosas. O aparecimento e distribui\u00e7\u00e3o da erup\u00e7\u00e3o frequentemente permitem o diagn\u00f3stico da doen\u00e7a. O m\u00e9dico deve ser consultado imediatamente.<\/span><\/p>\n<p><em><strong>PIOLHOS<\/strong><\/em><\/p>\n<p><span style=\"font-weight: 400;\">Crian\u00e7as com piolhos devem ficar em casa at\u00e9 o tratamento completo. Entre em contato com o professor do seu filho, para podermos tomar medidas para evitar a propaga\u00e7\u00e3o para outras crian\u00e7as.<\/span><\/p>\n<p><em><strong>VACINAS<\/strong><\/em><\/p>\n<p><span style=\"font-weight: 400;\">Em casos de vacina\u00e7\u00e3o, algumas vacinas apresentar\u00e3o rea\u00e7\u00f5es e dores. Sendo assim, fomos obrigados a observar se seu filho ter\u00e1 condi\u00e7\u00f5es de ir \u00e0 escola e realizar todas as atividades sem problemas.<\/span><\/p>\n<p><span style=\"font-weight: 400;\">Lembre-se de informar a enfermeira da escola sobre qualquer condi\u00e7\u00e3o m\u00e9dica que afete seu filho, como asma, problemas card\u00edacos, convuls\u00f5es, diabetes e rea\u00e7\u00f5es al\u00e9rgicas. <\/span><\/p>\n<p><span style=\"font-weight: 400;\">Caso seu filho precise tomar algum medicamento na escola, lembre-se de entregar a receita na enfermaria, e em casos de medicamentos espec\u00edficos (antibi\u00f3ticos, antif\u00fangicos, medicamentos controlados, medicamentos individuais, etc), envie o medicamento com a receita do m\u00e9dico a ser administrada pela enfermeira.<\/span><\/p>\n<p><b><i>PS: todos os funcion\u00e1rios da escola s\u00e3o proibidos de fornecer ou administrar qualquer tipo de medicamento a qualquer pessoa, a menos que tenhamos em sua posse uma receita datada e assinada de um m\u00e9dico que especifique a dosagem, bem como a anota\u00e7\u00e3o das contra-indica\u00e7\u00f5es a serem alertadas.<\/i><\/b><\/p>\n<p><span style=\"font-weight: 400;\">Para qualquer d\u00favida e mais informa\u00e7\u00f5es, entre em contato conosco.<\/span><\/p>\n\t\t\t\t\t\t<\/div>\n\t\t\t\t<\/div>\n\t\t\t\t\t<\/div>\n\t\t<\/div>\n\t\t\t\t\t\t\t<\/div>\n\t\t<\/section>\n\t\t\t\t<section data-dce-background-color=\"#287497\" class=\"elementor-section elementor-top-section elementor-element elementor-element-52602de elementor-section-boxed elementor-section-height-default elementor-section-height-default\" data-id=\"52602de\" data-element_type=\"section\" data-settings=\"{&quot;jet_parallax_layout_list&quot;:[{&quot;jet_parallax_layout_image&quot;:{&quot;url&quot;:&quot;&quot;,&quot;id&quot;:&quot;&quot;},&quot;_id&quot;:&quot;3409c09&quot;,&quot;jet_parallax_layout_image_tablet&quot;:{&quot;url&quot;:&quot;&quot;,&quot;id&quot;:&quot;&quot;},&quot;jet_parallax_layout_image_mobile&quot;:{&quot;url&quot;:&quot;&quot;,&quot;id&quot;:&quot;&quot;},&quot;jet_parallax_layout_speed&quot;:{&quot;unit&quot;:&quot;%&quot;,&quot;size&quot;:50,&quot;sizes&quot;:[]},&quot;jet_parallax_layout_type&quot;:&quot;scroll&quot;,&quot;jet_parallax_layout_direction&quot;:null,&quot;jet_parallax_layout_fx_direction&quot;:null,&quot;jet_parallax_layout_z_index&quot;:&quot;&quot;,&quot;jet_parallax_layout_bg_x&quot;:50,&quot;jet_parallax_layout_bg_x_tablet&quot;:&quot;&quot;,&quot;jet_parallax_layout_bg_x_mobile&quot;:&quot;&quot;,&quot;jet_parallax_layout_bg_y&quot;:50,&quot;jet_parallax_layout_bg_y_tablet&quot;:&quot;&quot;,&quot;jet_parallax_layout_bg_y_mobile&quot;:&quot;&quot;,&quot;jet_parallax_layout_bg_size&quot;:&quot;auto&quot;,&quot;jet_parallax_layout_bg_size_tablet&quot;:&quot;&quot;,&quot;jet_parallax_layout_bg_size_mobile&quot;:&quot;&quot;,&quot;jet_parallax_layout_animation_prop&quot;:&quot;transform&quot;,&quot;jet_parallax_layout_on&quot;:[&quot;desktop&quot;,&quot;tablet&quot;]}],&quot;background_background&quot;:&quot;classic&quot;}\">\n\t\t\t\t\t\t<div class=\"elementor-container elementor-column-gap-no\">\n\t\t\t\t\t<div class=\"elementor-column elementor-col-50 elementor-top-column elementor-element elementor-element-7216972\" data-id=\"7216972\" data-element_type=\"column\">\n\t\t\t<div class=\"elementor-widget-wrap elementor-element-populated\">\n\t\t\t\t\t\t\t\t<div class=\"elementor-element elementor-element-d979f1f dce_masking-none elementor-widget elementor-widget-image\" data-id=\"d979f1f\" data-element_type=\"widget\" data-widget_type=\"image.default\">\n\t\t\t\t<div class=\"elementor-widget-container\">\n\t\t\t\t\t\t\t\t\t\t\t\t\t\t\t<img decoding=\"async\" src=\"https:\/\/www.ear.com.br\/wp-content\/uploads\/elementor\/thumbs\/Eveline-e-Camila-1-q8qk8hwcnnsj2tc9k2wbf27inafo8b6lljtxg7syao.jpg\" title=\"Eveline-e-Camila\" alt=\"Eveline-e-Camila\" \/>\t\t\t\t\t\t\t\t\t\t\t\t\t\t\t<\/div>\n\t\t\t\t<\/div>\n\t\t\t\t\t<\/div>\n\t\t<\/div>\n\t\t\t\t<div class=\"elementor-column elementor-col-50 elementor-top-column elementor-element elementor-element-0eee5f4\" data-id=\"0eee5f4\" data-element_type=\"column\">\n\t\t\t<div class=\"elementor-widget-wrap elementor-element-populated\">\n\t\t\t\t\t\t\t\t<div class=\"elementor-element elementor-element-32aa25c elementor-widget elementor-widget-heading\" data-id=\"32aa25c\" data-element_type=\"widget\" data-widget_type=\"heading.default\">\n\t\t\t\t<div class=\"elementor-widget-container\">\n\t\t\t<h2 class=\"elementor-heading-title elementor-size-default\">Proteja-se e tome cuidado.<\/h2>\t\t<\/div>\n\t\t\t\t<\/div>\n\t\t\t\t<div class=\"elementor-element elementor-element-998d474 elementor-widget-divider--view-line elementor-widget elementor-widget-divider\" data-id=\"998d474\" data-element_type=\"widget\" data-widget_type=\"divider.default\">\n\t\t\t\t<div class=\"elementor-widget-container\">\n\t\t\t\t\t<div class=\"elementor-divider\">\n\t\t\t<span class=\"elementor-divider-separator\">\n\t\t\t\t\t\t<\/span>\n\t\t<\/div>\n\t\t\t\t<\/div>\n\t\t\t\t<\/div>\n\t\t\t\t<div class=\"elementor-element elementor-element-6819918 elementor-widget elementor-widget-text-editor\" data-id=\"6819918\" data-element_type=\"widget\" data-widget_type=\"text-editor.default\">\n\t\t\t\t<div class=\"elementor-widget-container\">\n\t\t\t\t\t\t\tEveline Lorena e Camila Prado<br>\n<strong>Enfermeiras Escolares<\/strong><br>\n<br>\nEscola Americana do Recife<br>\ninfirmary@ear.com.br\t\t\t\t\t\t<\/div>\n\t\t\t\t<\/div>\n\t\t\t\t\t<\/div>\n\t\t<\/div>\n\t\t\t\t\t\t\t<\/div>\n\t\t<\/section>\n\t\t\t\t\t\t\t<\/div>\n\t\t","protected":false},"excerpt":{"rendered":"<p>A sa\u00fade \u00e9 preciosa &#8211; Proteja-a A enfermaria da EAR est\u00e1 aberta das 8:00 \u00e0s 17:00 nos dias escolares. A enfermaria fornece primeiro socorros, medicamentos e orienta\u00e7\u00f5es sobre quest\u00f5es de [&hellip;]<\/p>\n","protected":false},"author":1,"featured_media":0,"parent":6474,"menu_order":0,"comment_status":"closed","ping_status":"closed","template":"elementor_header_footer","meta":{"footnotes":""},"class_list":["post-6473","page","type-page","status-publish","hentry"],"_links":{"self":[{"href":"https:\/\/www.ear.com.br\/pt-br\/wp-json\/wp\/v2\/pages\/6473","targetHints":{"allow":["GET"]}}],"collection":[{"href":"https:\/\/www.ear.com.br\/pt-br\/wp-json\/wp\/v2\/pages"}],"about":[{"href":"https:\/\/www.ear.com.br\/pt-br\/wp-json\/wp\/v2\/types\/page"}],"author":[{"embeddable":true,"href":"https:\/\/www.ear.com.br\/pt-br\/wp-json\/wp\/v2\/users\/1"}],"replies":[{"embeddable":true,"href":"https:\/\/www.ear.com.br\/pt-br\/wp-json\/wp\/v2\/comments?post=6473"}],"version-history":[{"count":14,"href":"https:\/\/www.ear.com.br\/pt-br\/wp-json\/wp\/v2\/pages\/6473\/revisions"}],"predecessor-version":[{"id":21316,"href":"https:\/\/www.ear.com.br\/pt-br\/wp-json\/wp\/v2\/pages\/6473\/revisions\/21316"}],"up":[{"embeddable":true,"href":"https:\/\/www.ear.com.br\/pt-br\/wp-json\/wp\/v2\/pages\/6474"}],"wp:attachment":[{"href":"https:\/\/www.ear.com.br\/pt-br\/wp-json\/wp\/v2\/media?parent=6473"}],"curies":[{"name":"wp","href":"https:\/\/api.w.org\/{rel}","templated":true}]}}