{"id":6477,"date":"2021-05-06T01:09:51","date_gmt":"2021-05-06T01:09:51","guid":{"rendered":"https:\/\/wpsites.agenciakerno.com.br\/ear-site\/student\/"},"modified":"2022-11-17T21:30:48","modified_gmt":"2022-11-17T21:30:48","slug":"student","status":"publish","type":"page","link":"https:\/\/www.ear.com.br\/pt-br\/community\/learning-center\/student\/","title":{"rendered":"Student"},"content":{"rendered":"\t\t<div data-elementor-type=\"wp-page\" data-elementor-id=\"6477\" class=\"elementor elementor-6477 elementor-4166\">\n\t\t\t\t\t\t\t\t\t<section class=\"elementor-section elementor-top-section elementor-element elementor-element-1839e803 elementor-section-boxed elementor-section-height-default elementor-section-height-default\" data-id=\"1839e803\" data-element_type=\"section\" data-settings=\"{&quot;jet_parallax_layout_list&quot;:[{&quot;jet_parallax_layout_image&quot;:{&quot;url&quot;:&quot;&quot;,&quot;id&quot;:&quot;&quot;},&quot;_id&quot;:&quot;cfe95da&quot;,&quot;jet_parallax_layout_image_tablet&quot;:{&quot;url&quot;:&quot;&quot;,&quot;id&quot;:&quot;&quot;},&quot;jet_parallax_layout_image_mobile&quot;:{&quot;url&quot;:&quot;&quot;,&quot;id&quot;:&quot;&quot;},&quot;jet_parallax_layout_speed&quot;:{&quot;unit&quot;:&quot;%&quot;,&quot;size&quot;:50,&quot;sizes&quot;:[]},&quot;jet_parallax_layout_type&quot;:&quot;scroll&quot;,&quot;jet_parallax_layout_direction&quot;:null,&quot;jet_parallax_layout_fx_direction&quot;:null,&quot;jet_parallax_layout_z_index&quot;:&quot;&quot;,&quot;jet_parallax_layout_bg_x&quot;:50,&quot;jet_parallax_layout_bg_x_tablet&quot;:&quot;&quot;,&quot;jet_parallax_layout_bg_x_mobile&quot;:&quot;&quot;,&quot;jet_parallax_layout_bg_y&quot;:50,&quot;jet_parallax_layout_bg_y_tablet&quot;:&quot;&quot;,&quot;jet_parallax_layout_bg_y_mobile&quot;:&quot;&quot;,&quot;jet_parallax_layout_bg_size&quot;:&quot;auto&quot;,&quot;jet_parallax_layout_bg_size_tablet&quot;:&quot;&quot;,&quot;jet_parallax_layout_bg_size_mobile&quot;:&quot;&quot;,&quot;jet_parallax_layout_animation_prop&quot;:&quot;transform&quot;,&quot;jet_parallax_layout_on&quot;:[&quot;desktop&quot;,&quot;tablet&quot;]}]}\">\n\t\t\t\t\t\t<div class=\"elementor-container elementor-column-gap-no\">\n\t\t\t\t\t<div class=\"elementor-column elementor-col-100 elementor-top-column elementor-element elementor-element-6791924d\" data-id=\"6791924d\" data-element_type=\"column\">\n\t\t\t<div class=\"elementor-widget-wrap elementor-element-populated\">\n\t\t\t\t\t\t\t\t<div class=\"elementor-element elementor-element-48c6104 elementor-widget elementor-widget-heading\" data-id=\"48c6104\" data-element_type=\"widget\" data-widget_type=\"heading.default\">\n\t\t\t\t<div class=\"elementor-widget-container\">\n\t\t\t<h1 class=\"elementor-heading-title elementor-size-default\">Student<\/h1>\t\t<\/div>\n\t\t\t\t<\/div>\n\t\t\t\t<div class=\"elementor-element elementor-element-5e8556af elementor-widget-divider--view-line elementor-widget elementor-widget-divider\" data-id=\"5e8556af\" data-element_type=\"widget\" data-widget_type=\"divider.default\">\n\t\t\t\t<div class=\"elementor-widget-container\">\n\t\t\t\t\t<div class=\"elementor-divider\">\n\t\t\t<span class=\"elementor-divider-separator\">\n\t\t\t\t\t\t<\/span>\n\t\t<\/div>\n\t\t\t\t<\/div>\n\t\t\t\t<\/div>\n\t\t\t\t<div class=\"elementor-element elementor-element-d03a603 elementor-widget elementor-widget-jet-posts\" data-id=\"d03a603\" data-element_type=\"widget\" data-settings=\"{&quot;columns&quot;:&quot;3&quot;,&quot;slides_to_scroll&quot;:&quot;1&quot;}\" data-widget_type=\"jet-posts.default\">\n\t\t\t\t<div class=\"elementor-widget-container\">\n\t\t\t<div class=\"elementor-jet-posts jet-elements\"><div class=\"jet-posts col-row \"><div class=\"jet-posts__item\">\n\t<div class=\"jet-posts__inner-box\"><div class=\"post-thumbnail\"><a href=\"https:\/\/www.ear.com.br\/pt-br\/dia-dos-gemeos\/\" class=\"post-thumbnail__link\"><img decoding=\"async\" class=\"post-thumbnail__img wp-post-image\" src=\"https:\/\/www.ear.com.br\/wp-content\/uploads\/2022\/03\/Screenshot-5-370x265.png\" alt=\"Dia dos g\u00eameos!\" loading=\"lazy\" width=\"370\" height=\"265\"><\/a><\/div><div class=\"jet-posts__inner-content\"><h4 class=\"entry-title\"><a href=\"https:\/\/www.ear.com.br\/pt-br\/dia-dos-gemeos\/\" target=\"\">Dia dos g\u00eameos!<\/a><\/h4><div class=\"post-meta\"><span class=\"posted-by post-meta__item\">Posted by <a href=\"https:\/\/www.ear.com.br\/pt-br\/author\/ingrid\/\" class=\"posted-by__author\" rel=\"author\">Ingrid Corcino<\/a><\/span><span class=\"post__date post-meta__item\"><a href=\"https:\/\/www.ear.com.br\/pt-br\/2022\/03\/25\/\" class=\"post__date-link\"><time datetime=\"2022-03-25T18:32:50+00:00\" title=\"2022-03-25T18:32:50+00:00\">mar\u00e7o 25, 2022<\/time><\/a><\/span><span class=\"post__comments post-meta__item\">Comments: <a href=\"https:\/\/www.ear.com.br\/pt-br\/dia-dos-gemeos\/#respond\" class=\"post__comments-link\">0<\/a><\/span><\/div><div class=\"entry-excerpt\">Leia aqui: Twin Day \u00e9 o dia perfeito para se vestir de forma id\u00eantica aos seus amigos!<\/div><div class=\"jet-more-wrap\"><a href=\"https:\/\/www.ear.com.br\/pt-br\/dia-dos-gemeos\/\" class=\"btn btn-primary elementor-button elementor-size-md jet-more\" target=\"\"><span class=\"btn__text\">Read More<\/span><\/a><\/div><\/div><\/div>\n<\/div>\n<div class=\"jet-posts__item\">\n\t<div class=\"jet-posts__inner-box\"><div class=\"post-thumbnail\"><a href=\"https:\/\/www.ear.com.br\/pt-br\/issl-ii-competition\/\" class=\"post-thumbnail__link\"><img decoding=\"async\" class=\"post-thumbnail__img wp-post-image\" src=\"https:\/\/www.ear.com.br\/wp-content\/uploads\/2022\/02\/issl-ii-competition-370x265.png\" alt=\"Competi\u00e7\u00e3o ISSL II\" loading=\"lazy\" width=\"370\" height=\"265\"><\/a><\/div><div class=\"jet-posts__inner-content\"><h4 class=\"entry-title\"><a href=\"https:\/\/www.ear.com.br\/pt-br\/issl-ii-competition\/\" target=\"\">Competi\u00e7\u00e3o ISSL II<\/a><\/h4><div class=\"post-meta\"><span class=\"posted-by post-meta__item\">Posted by <a href=\"https:\/\/www.ear.com.br\/pt-br\/author\/ingrid\/\" class=\"posted-by__author\" rel=\"author\">Ingrid Corcino<\/a><\/span><span class=\"post__date post-meta__item\"><a href=\"https:\/\/www.ear.com.br\/pt-br\/2022\/02\/24\/\" class=\"post__date-link\"><time datetime=\"2022-02-24T15:56:26+00:00\" title=\"2022-02-24T15:56:26+00:00\">fevereiro 24, 2022<\/time><\/a><\/span><span class=\"post__comments post-meta__item\">Comments: <a href=\"https:\/\/www.ear.com.br\/pt-br\/issl-ii-competition\/#respond\" class=\"post__comments-link\">0<\/a><\/span><\/div><div class=\"entry-excerpt\">Voc\u00ea j\u00e1 se perguntou se poderia viajar e representar sua escola em uma competi\u00e7\u00e3o esportiva? Leia neste artigo da aluna&hellip;<\/div><div class=\"jet-more-wrap\"><a href=\"https:\/\/www.ear.com.br\/pt-br\/issl-ii-competition\/\" class=\"btn btn-primary elementor-button elementor-size-md jet-more\" target=\"\"><span class=\"btn__text\">Read More<\/span><\/a><\/div><\/div><\/div>\n<\/div>\n<\/div>\n<\/div>\t\t<\/div>\n\t\t\t\t<\/div>\n\t\t\t\t<div class=\"elementor-element elementor-element-749c8c9 elementor-widget elementor-widget-jet-blog-posts-pagination\" data-id=\"749c8c9\" data-element_type=\"widget\" data-widget_type=\"jet-blog-posts-pagination.default\">\n\t\t\t\t<div class=\"elementor-widget-container\">\n\t\t\t<div class=\"elementor-jet-blog-posts-pagination jet-blog\"><\/div>\t\t<\/div>\n\t\t\t\t<\/div>\n\t\t\t\t\t<\/div>\n\t\t<\/div>\n\t\t\t\t\t\t\t<\/div>\n\t\t<\/section>\n\t\t\t\t\t\t\t<\/div>\n\t\t","protected":false},"excerpt":{"rendered":"<p>Student EAR Back on Campus! Posted by adminMarch 11, 2021Comments: 0As lifelong learners we have learned a lot. Every day! And after so many investments, we can say that we&hellip;Read [&hellip;]<\/p>\n","protected":false},"author":1,"featured_media":0,"parent":6479,"menu_order":0,"comment_status":"closed","ping_status":"closed","template":"elementor_header_footer","meta":{"footnotes":""},"class_list":["post-6477","page","type-page","status-publish","hentry"],"_links":{"self":[{"href":"https:\/\/www.ear.com.br\/pt-br\/wp-json\/wp\/v2\/pages\/6477","targetHints":{"allow":["GET"]}}],"collection":[{"href":"https:\/\/www.ear.com.br\/pt-br\/wp-json\/wp\/v2\/pages"}],"about":[{"href":"https:\/\/www.ear.com.br\/pt-br\/wp-json\/wp\/v2\/types\/page"}],"author":[{"embeddable":true,"href":"https:\/\/www.ear.com.br\/pt-br\/wp-json\/wp\/v2\/users\/1"}],"replies":[{"embeddable":true,"href":"https:\/\/www.ear.com.br\/pt-br\/wp-json\/wp\/v2\/comments?post=6477"}],"version-history":[{"count":1,"href":"https:\/\/www.ear.com.br\/pt-br\/wp-json\/wp\/v2\/pages\/6477\/revisions"}],"predecessor-version":[{"id":20890,"href":"https:\/\/www.ear.com.br\/pt-br\/wp-json\/wp\/v2\/pages\/6477\/revisions\/20890"}],"up":[{"embeddable":true,"href":"https:\/\/www.ear.com.br\/pt-br\/wp-json\/wp\/v2\/pages\/6479"}],"wp:attachment":[{"href":"https:\/\/www.ear.com.br\/pt-br\/wp-json\/wp\/v2\/media?parent=6477"}],"curies":[{"name":"wp","href":"https:\/\/api.w.org\/{rel}","templated":true}]}}