{"id":6497,"date":"2021-04-29T02:45:28","date_gmt":"2021-04-29T02:45:28","guid":{"rendered":"https:\/\/wpsites.agenciakerno.com.br\/ear-site\/m-u-n\/"},"modified":"2022-11-21T18:24:08","modified_gmt":"2022-11-21T18:24:08","slug":"m-u-n","status":"publish","type":"page","link":"https:\/\/www.ear.com.br\/pt-br\/learning\/after-school-activities\/m-u-n\/","title":{"rendered":"M.U.N"},"content":{"rendered":"<h1>M.U.N<\/h1>\n<p>MUN \u00e9 mais do que um clube, pois as li\u00e7\u00f5es que os alunos aprendem aqui ser\u00e3o \u00fateis para o resto de suas vidas. Os delegados conseguem ver o mundo com olhos diferentes e tentam resolver os problemas mais prementes do mundo usando compromisso e diplomacia. Atrav\u00e9s de confer\u00eancias e debates simulados, eles aprendem a defender seu ponto de vista, desenvolvem a empatia e perspectivas diferentes ao longo do caminho. Outras habilidades tamb\u00e9m s\u00e3o desenvolvidas neste clube, visto que \u00e9 necess\u00e1rio que os delegados falem em p\u00fablico, debatam de maneira respeitosa, pensem fora da caixa em novas solu\u00e7\u00f5es, e fa\u00e7am alian\u00e7as para benef\u00edcio comum.<\/p>\n<figure><img decoding=\"async\" src=\"https:\/\/wpsites.agenciakerno.com.br\/ear-site\/wp-content\/uploads\/2021\/04\/0008_MUN.jpg\" alt=\"_0008_MUN\" \/><\/figure>\n<figure><img decoding=\"async\" src=\"https:\/\/wpsites.agenciakerno.com.br\/ear-site\/wp-content\/uploads\/2021\/04\/0007_MUN2.jpg\" alt=\"_0007_MUN2\" \/><\/figure>\n<p>\t\t\t\t\t\tPrevious<br \/>\n\t\t\t\t\t\tNext<\/p>\n","protected":false},"excerpt":{"rendered":"<p>M.U.N MUN \u00e9 mais do que um clube, pois as li\u00e7\u00f5es que os alunos aprendem aqui ser\u00e3o \u00fateis para o resto de suas vidas. Os delegados conseguem ver o mundo [&hellip;]<\/p>\n","protected":false},"author":1,"featured_media":0,"parent":6506,"menu_order":0,"comment_status":"closed","ping_status":"closed","template":"elementor_header_footer","meta":{"footnotes":""},"class_list":["post-6497","page","type-page","status-publish","hentry"],"_links":{"self":[{"href":"https:\/\/www.ear.com.br\/pt-br\/wp-json\/wp\/v2\/pages\/6497","targetHints":{"allow":["GET"]}}],"collection":[{"href":"https:\/\/www.ear.com.br\/pt-br\/wp-json\/wp\/v2\/pages"}],"about":[{"href":"https:\/\/www.ear.com.br\/pt-br\/wp-json\/wp\/v2\/types\/page"}],"author":[{"embeddable":true,"href":"https:\/\/www.ear.com.br\/pt-br\/wp-json\/wp\/v2\/users\/1"}],"replies":[{"embeddable":true,"href":"https:\/\/www.ear.com.br\/pt-br\/wp-json\/wp\/v2\/comments?post=6497"}],"version-history":[{"count":2,"href":"https:\/\/www.ear.com.br\/pt-br\/wp-json\/wp\/v2\/pages\/6497\/revisions"}],"predecessor-version":[{"id":7157,"href":"https:\/\/www.ear.com.br\/pt-br\/wp-json\/wp\/v2\/pages\/6497\/revisions\/7157"}],"up":[{"embeddable":true,"href":"https:\/\/www.ear.com.br\/pt-br\/wp-json\/wp\/v2\/pages\/6506"}],"wp:attachment":[{"href":"https:\/\/www.ear.com.br\/pt-br\/wp-json\/wp\/v2\/media?parent=6497"}],"curies":[{"name":"wp","href":"https:\/\/api.w.org\/{rel}","templated":true}]}}