{"id":6505,"date":"2021-04-29T02:21:11","date_gmt":"2021-04-29T02:21:11","guid":{"rendered":"https:\/\/wpsites.agenciakerno.com.br\/ear-site\/byod-program\/"},"modified":"2022-04-13T14:22:17","modified_gmt":"2022-04-13T14:22:17","slug":"byod-program","status":"publish","type":"page","link":"https:\/\/www.ear.com.br\/pt-br\/learning\/technology\/byod-program\/","title":{"rendered":"Programa BYOD"},"content":{"rendered":"\t\t<div data-elementor-type=\"wp-page\" data-elementor-id=\"6505\" class=\"elementor elementor-6505 elementor-3933\">\n\t\t\t\t\t\t\t\t\t<section data-dce-background-color=\"#F7F7F7\" data-dce-background-image-url=\"https:\/\/ear.com.br\/wp-content\/uploads\/2022\/02\/03-HEAD-tecnology-page.3.jpg\" class=\"elementor-section elementor-top-section elementor-element elementor-element-d299ba2 elementor-section-height-min-height elementor-section-boxed elementor-section-height-default elementor-section-items-middle\" data-id=\"d299ba2\" data-element_type=\"section\" data-settings=\"{&quot;jet_parallax_layout_list&quot;:[{&quot;jet_parallax_layout_image&quot;:{&quot;url&quot;:&quot;&quot;,&quot;id&quot;:&quot;&quot;},&quot;_id&quot;:&quot;3409c09&quot;,&quot;jet_parallax_layout_image_tablet&quot;:{&quot;url&quot;:&quot;&quot;,&quot;id&quot;:&quot;&quot;},&quot;jet_parallax_layout_image_mobile&quot;:{&quot;url&quot;:&quot;&quot;,&quot;id&quot;:&quot;&quot;},&quot;jet_parallax_layout_speed&quot;:{&quot;unit&quot;:&quot;%&quot;,&quot;size&quot;:50,&quot;sizes&quot;:[]},&quot;jet_parallax_layout_type&quot;:&quot;scroll&quot;,&quot;jet_parallax_layout_direction&quot;:null,&quot;jet_parallax_layout_fx_direction&quot;:null,&quot;jet_parallax_layout_z_index&quot;:&quot;&quot;,&quot;jet_parallax_layout_bg_x&quot;:50,&quot;jet_parallax_layout_bg_x_tablet&quot;:&quot;&quot;,&quot;jet_parallax_layout_bg_x_mobile&quot;:&quot;&quot;,&quot;jet_parallax_layout_bg_y&quot;:50,&quot;jet_parallax_layout_bg_y_tablet&quot;:&quot;&quot;,&quot;jet_parallax_layout_bg_y_mobile&quot;:&quot;&quot;,&quot;jet_parallax_layout_bg_size&quot;:&quot;auto&quot;,&quot;jet_parallax_layout_bg_size_tablet&quot;:&quot;&quot;,&quot;jet_parallax_layout_bg_size_mobile&quot;:&quot;&quot;,&quot;jet_parallax_layout_animation_prop&quot;:&quot;transform&quot;,&quot;jet_parallax_layout_on&quot;:[&quot;desktop&quot;,&quot;tablet&quot;]}],&quot;background_background&quot;:&quot;classic&quot;}\">\n\t\t\t\t\t\t\t<div class=\"elementor-background-overlay\"><\/div>\n\t\t\t\t\t\t\t<div class=\"elementor-container elementor-column-gap-no\">\n\t\t\t\t\t<div class=\"elementor-column elementor-col-50 elementor-top-column elementor-element elementor-element-1bfc942\" data-id=\"1bfc942\" data-element_type=\"column\">\n\t\t\t<div class=\"elementor-widget-wrap elementor-element-populated\">\n\t\t\t\t\t\t\t\t<div class=\"elementor-element elementor-element-e9d5124 elementor-widget elementor-widget-heading\" data-id=\"e9d5124\" data-element_type=\"widget\" data-widget_type=\"heading.default\">\n\t\t\t\t<div class=\"elementor-widget-container\">\n\t\t\t<h1 class=\"elementor-heading-title elementor-size-default\">Pol\u00edtica de Traga Seu Pr\u00f3prio Dispositivo (BYOD)<\/h1>\t\t<\/div>\n\t\t\t\t<\/div>\n\t\t\t\t<div class=\"elementor-element elementor-element-125b3bc elementor-widget-divider--view-line elementor-widget elementor-widget-divider\" data-id=\"125b3bc\" data-element_type=\"widget\" data-widget_type=\"divider.default\">\n\t\t\t\t<div class=\"elementor-widget-container\">\n\t\t\t\t\t<div class=\"elementor-divider\">\n\t\t\t<span class=\"elementor-divider-separator\">\n\t\t\t\t\t\t<\/span>\n\t\t<\/div>\n\t\t\t\t<\/div>\n\t\t\t\t<\/div>\n\t\t\t\t\t<\/div>\n\t\t<\/div>\n\t\t\t\t<div class=\"elementor-column elementor-col-50 elementor-top-column elementor-element elementor-element-1ac23fc\" data-id=\"1ac23fc\" data-element_type=\"column\">\n\t\t\t<div class=\"elementor-widget-wrap\">\n\t\t\t\t\t\t\t\t\t<\/div>\n\t\t<\/div>\n\t\t\t\t\t\t\t<\/div>\n\t\t<\/section>\n\t\t\t\t<section class=\"elementor-section elementor-top-section elementor-element elementor-element-41e7aa75 elementor-section-stretched elementor-section-boxed elementor-section-height-default elementor-section-height-default\" data-id=\"41e7aa75\" data-element_type=\"section\" data-settings=\"{&quot;stretch_section&quot;:&quot;section-stretched&quot;,&quot;jet_parallax_layout_list&quot;:[{&quot;jet_parallax_layout_image&quot;:{&quot;url&quot;:&quot;&quot;,&quot;id&quot;:&quot;&quot;},&quot;_id&quot;:&quot;b293334&quot;,&quot;jet_parallax_layout_image_tablet&quot;:{&quot;url&quot;:&quot;&quot;,&quot;id&quot;:&quot;&quot;},&quot;jet_parallax_layout_image_mobile&quot;:{&quot;url&quot;:&quot;&quot;,&quot;id&quot;:&quot;&quot;},&quot;jet_parallax_layout_speed&quot;:{&quot;unit&quot;:&quot;%&quot;,&quot;size&quot;:50,&quot;sizes&quot;:[]},&quot;jet_parallax_layout_type&quot;:&quot;scroll&quot;,&quot;jet_parallax_layout_direction&quot;:null,&quot;jet_parallax_layout_fx_direction&quot;:null,&quot;jet_parallax_layout_z_index&quot;:&quot;&quot;,&quot;jet_parallax_layout_bg_x&quot;:50,&quot;jet_parallax_layout_bg_x_tablet&quot;:&quot;&quot;,&quot;jet_parallax_layout_bg_x_mobile&quot;:&quot;&quot;,&quot;jet_parallax_layout_bg_y&quot;:50,&quot;jet_parallax_layout_bg_y_tablet&quot;:&quot;&quot;,&quot;jet_parallax_layout_bg_y_mobile&quot;:&quot;&quot;,&quot;jet_parallax_layout_bg_size&quot;:&quot;auto&quot;,&quot;jet_parallax_layout_bg_size_tablet&quot;:&quot;&quot;,&quot;jet_parallax_layout_bg_size_mobile&quot;:&quot;&quot;,&quot;jet_parallax_layout_animation_prop&quot;:&quot;transform&quot;,&quot;jet_parallax_layout_on&quot;:[&quot;desktop&quot;,&quot;tablet&quot;]}]}\">\n\t\t\t\t\t\t<div class=\"elementor-container elementor-column-gap-no\">\n\t\t\t\t\t<div class=\"elementor-column elementor-col-100 elementor-top-column elementor-element elementor-element-416935d6\" data-id=\"416935d6\" data-element_type=\"column\">\n\t\t\t<div class=\"elementor-widget-wrap elementor-element-populated\">\n\t\t\t\t\t\t\t\t<div class=\"elementor-element elementor-element-6436c111 elementor-widget elementor-widget-text-editor\" data-id=\"6436c111\" data-element_type=\"widget\" data-widget_type=\"text-editor.default\">\n\t\t\t\t<div class=\"elementor-widget-container\">\n\t\t\t\t\t\t\t<p>O Ensino M\u00e9dio na EAR, do 9\u00ba ao 12\u00ba ano, tem uma pol\u00edtica \u201cTraga Seu Pr\u00f3prio Dispositivo&#8221;. A pol\u00edtica BYOD solicita que os alunos levem para a escola um dispositivo de aprendizado apropriado para acessar nossos crescentes programas on-line, livros did\u00e1ticos e aplicativos do Google Suite. A escola considera um dispositivo de aprendizagem adequado um laptop ou Chromebook com teclado, bateria de longa dura\u00e7\u00e3o e capacidade para acessar nossa rede Wi-Fi e plataforma Google. Voc\u00ea pode encontrar as recomenda\u00e7\u00f5es dos <a href=\"https:\/\/uat.ear.com.br\/wp-content\/uploads\/2022\/02\/BYOD-Device-Recommendations.pdf\" target=\"_blank\" rel=\"noopener\">dispositivos apropriados nessa tabela.<\/a> Em nosso compromisso cont\u00ednuo com a miss\u00e3o da escola, acreditamos que esses dispositivos de aprendizagem ajudar\u00e3o nossos alunos do ensino m\u00e9dio:<\/p>\n<p>\u2022 A aumentar o engajamento dos alunos e desenvolve salas de aula centradas no aluno.<br \/>\u2022 A criar um ambiente de aprendizagem baseado em colabora\u00e7\u00e3o, comunica\u00e7\u00e3o e cria\u00e7\u00e3o.<br \/>\u2022 A aumentar as habilidades de escrita e pesquisa por meio da pr\u00e1tica orientada em sala de aula.<br \/>\u2022 A melhorar o desempenho e aprendizado do aluno por meio de feedback instant\u00e2neo.<br \/>\u2022 A melhorar suas habilidades organizacionais digitais \u00e0 medida que gerenciam v\u00e1rias mat\u00e9rias.<\/p>\n<p>Al\u00e9m disso, o Departamento de Tecnologia da EAR tem apoiado a pol\u00edtica de BYOD, aumentando nossa infraestrutura de Wi-Fi e informando os alunos e professores sobre o uso apropriado da tecnologia em sala de aula. Os alunos devem assinar um acordo de usu\u00e1rio que descreve as conseq\u00fc\u00eancias do uso inadequado. Al\u00e9m da infraestrutura Wi-Fi, a escola n\u00e3o far\u00e1 manuten\u00e7\u00e3o ou conserto de dispositivos individuais dos alunos e \u00e9 altamente recomend\u00e1vel que os dispositivos adquiridos venham com antiv\u00edrus e garantias.<\/p>\n\t\t\t\t\t\t<\/div>\n\t\t\t\t<\/div>\n\t\t\t\t\t<\/div>\n\t\t<\/div>\n\t\t\t\t\t\t\t<\/div>\n\t\t<\/section>\n\t\t\t\t\t\t\t<\/div>\n\t\t","protected":false},"excerpt":{"rendered":"<p>Pol\u00edtica de Traga Seu Pr\u00f3prio Dispositivo (BYOD) O Ensino M\u00e9dio na EAR, do 9\u00ba ao 12\u00ba ano, tem uma pol\u00edtica \u201cTraga Seu Pr\u00f3prio Dispositivo&#8221;. A pol\u00edtica BYOD solicita que os [&hellip;]<\/p>\n","protected":false},"author":1,"featured_media":0,"parent":6507,"menu_order":0,"comment_status":"closed","ping_status":"closed","template":"elementor_header_footer","meta":{"footnotes":""},"class_list":["post-6505","page","type-page","status-publish","hentry"],"_links":{"self":[{"href":"https:\/\/www.ear.com.br\/pt-br\/wp-json\/wp\/v2\/pages\/6505","targetHints":{"allow":["GET"]}}],"collection":[{"href":"https:\/\/www.ear.com.br\/pt-br\/wp-json\/wp\/v2\/pages"}],"about":[{"href":"https:\/\/www.ear.com.br\/pt-br\/wp-json\/wp\/v2\/types\/page"}],"author":[{"embeddable":true,"href":"https:\/\/www.ear.com.br\/pt-br\/wp-json\/wp\/v2\/users\/1"}],"replies":[{"embeddable":true,"href":"https:\/\/www.ear.com.br\/pt-br\/wp-json\/wp\/v2\/comments?post=6505"}],"version-history":[{"count":8,"href":"https:\/\/www.ear.com.br\/pt-br\/wp-json\/wp\/v2\/pages\/6505\/revisions"}],"predecessor-version":[{"id":20787,"href":"https:\/\/www.ear.com.br\/pt-br\/wp-json\/wp\/v2\/pages\/6505\/revisions\/20787"}],"up":[{"embeddable":true,"href":"https:\/\/www.ear.com.br\/pt-br\/wp-json\/wp\/v2\/pages\/6507"}],"wp:attachment":[{"href":"https:\/\/www.ear.com.br\/pt-br\/wp-json\/wp\/v2\/media?parent=6505"}],"curies":[{"name":"wp","href":"https:\/\/api.w.org\/{rel}","templated":true}]}}