{"id":6520,"date":"2021-04-19T03:20:49","date_gmt":"2021-04-19T03:20:49","guid":{"rendered":"https:\/\/wpsites.agenciakerno.com.br\/ear-site\/welcome\/"},"modified":"2023-08-28T17:34:57","modified_gmt":"2023-08-28T17:34:57","slug":"welcome","status":"publish","type":"page","link":"https:\/\/www.ear.com.br\/pt-br\/learning\/secondary-school\/welcome\/","title":{"rendered":"Bem-Vindo"},"content":{"rendered":"\t\t<div data-elementor-type=\"wp-page\" data-elementor-id=\"6520\" class=\"elementor elementor-6520 elementor-3629\">\n\t\t\t\t\t\t\t\t\t<section data-dce-background-color=\"#F7F7F7\" data-dce-background-overlay-color=\"#000000\" data-dce-background-image-url=\"https:\/\/ear.com.br\/wp-content\/uploads\/2023\/07\/learning_secondary-school_welcome.jpg\" class=\"elementor-section elementor-top-section elementor-element elementor-element-d4eb4f4 elementor-section-height-min-height elementor-section-boxed elementor-section-height-default elementor-section-items-middle\" data-id=\"d4eb4f4\" data-element_type=\"section\" data-settings=\"{&quot;jet_parallax_layout_list&quot;:[{&quot;jet_parallax_layout_image&quot;:{&quot;url&quot;:&quot;&quot;,&quot;id&quot;:&quot;&quot;},&quot;_id&quot;:&quot;3409c09&quot;,&quot;jet_parallax_layout_image_tablet&quot;:{&quot;url&quot;:&quot;&quot;,&quot;id&quot;:&quot;&quot;},&quot;jet_parallax_layout_image_mobile&quot;:{&quot;url&quot;:&quot;&quot;,&quot;id&quot;:&quot;&quot;},&quot;jet_parallax_layout_speed&quot;:{&quot;unit&quot;:&quot;%&quot;,&quot;size&quot;:50,&quot;sizes&quot;:[]},&quot;jet_parallax_layout_type&quot;:&quot;scroll&quot;,&quot;jet_parallax_layout_direction&quot;:null,&quot;jet_parallax_layout_fx_direction&quot;:null,&quot;jet_parallax_layout_z_index&quot;:&quot;&quot;,&quot;jet_parallax_layout_bg_x&quot;:50,&quot;jet_parallax_layout_bg_x_tablet&quot;:&quot;&quot;,&quot;jet_parallax_layout_bg_x_mobile&quot;:&quot;&quot;,&quot;jet_parallax_layout_bg_y&quot;:50,&quot;jet_parallax_layout_bg_y_tablet&quot;:&quot;&quot;,&quot;jet_parallax_layout_bg_y_mobile&quot;:&quot;&quot;,&quot;jet_parallax_layout_bg_size&quot;:&quot;auto&quot;,&quot;jet_parallax_layout_bg_size_tablet&quot;:&quot;&quot;,&quot;jet_parallax_layout_bg_size_mobile&quot;:&quot;&quot;,&quot;jet_parallax_layout_animation_prop&quot;:&quot;transform&quot;,&quot;jet_parallax_layout_on&quot;:[&quot;desktop&quot;,&quot;tablet&quot;]}],&quot;background_background&quot;:&quot;classic&quot;}\">\n\t\t\t\t\t\t\t<div class=\"elementor-background-overlay\"><\/div>\n\t\t\t\t\t\t\t<div class=\"elementor-container elementor-column-gap-no\">\n\t\t\t\t\t<div class=\"elementor-column elementor-col-50 elementor-top-column elementor-element elementor-element-b958f8c\" data-id=\"b958f8c\" data-element_type=\"column\">\n\t\t\t<div class=\"elementor-widget-wrap elementor-element-populated\">\n\t\t\t\t\t\t\t\t<div class=\"elementor-element elementor-element-a3a79f9 elementor-widget elementor-widget-heading\" data-id=\"a3a79f9\" data-element_type=\"widget\" data-widget_type=\"heading.default\">\n\t\t\t\t<div class=\"elementor-widget-container\">\n\t\t\t<h1 class=\"elementor-heading-title elementor-size-default\">Pr\u00f3xima etapa: faculdade!<\/h1>\t\t<\/div>\n\t\t\t\t<\/div>\n\t\t\t\t<div class=\"elementor-element elementor-element-318ae05 elementor-widget-divider--view-line elementor-widget elementor-widget-divider\" data-id=\"318ae05\" data-element_type=\"widget\" data-widget_type=\"divider.default\">\n\t\t\t\t<div class=\"elementor-widget-container\">\n\t\t\t\t\t<div class=\"elementor-divider\">\n\t\t\t<span class=\"elementor-divider-separator\">\n\t\t\t\t\t\t<\/span>\n\t\t<\/div>\n\t\t\t\t<\/div>\n\t\t\t\t<\/div>\n\t\t\t\t<div class=\"elementor-element elementor-element-a10cca6 elementor-widget elementor-widget-text-editor\" data-id=\"a10cca6\" data-element_type=\"widget\" data-widget_type=\"text-editor.default\">\n\t\t\t\t<div class=\"elementor-widget-container\">\n\t\t\t\t\t\t\t<p><span style=\"font-weight: 400;\">O Secondary come\u00e7a no 6\u00ba ano e termina na formatura no final do 12\u00ba ano. <\/span><\/p>\n\t\t\t\t\t\t<\/div>\n\t\t\t\t<\/div>\n\t\t\t\t\t<\/div>\n\t\t<\/div>\n\t\t\t\t<div class=\"elementor-column elementor-col-50 elementor-top-column elementor-element elementor-element-15d29b0\" data-id=\"15d29b0\" data-element_type=\"column\">\n\t\t\t<div class=\"elementor-widget-wrap\">\n\t\t\t\t\t\t\t\t\t<\/div>\n\t\t<\/div>\n\t\t\t\t\t\t\t<\/div>\n\t\t<\/section>\n\t\t\t\t<section class=\"elementor-section elementor-top-section elementor-element elementor-element-5abcd35 elementor-section-stretched elementor-section-boxed elementor-section-height-default elementor-section-height-default\" data-id=\"5abcd35\" data-element_type=\"section\" data-settings=\"{&quot;stretch_section&quot;:&quot;section-stretched&quot;,&quot;jet_parallax_layout_list&quot;:[{&quot;jet_parallax_layout_image&quot;:{&quot;url&quot;:&quot;&quot;,&quot;id&quot;:&quot;&quot;},&quot;_id&quot;:&quot;b293334&quot;,&quot;jet_parallax_layout_image_tablet&quot;:{&quot;url&quot;:&quot;&quot;,&quot;id&quot;:&quot;&quot;},&quot;jet_parallax_layout_image_mobile&quot;:{&quot;url&quot;:&quot;&quot;,&quot;id&quot;:&quot;&quot;},&quot;jet_parallax_layout_speed&quot;:{&quot;unit&quot;:&quot;%&quot;,&quot;size&quot;:50,&quot;sizes&quot;:[]},&quot;jet_parallax_layout_type&quot;:&quot;scroll&quot;,&quot;jet_parallax_layout_direction&quot;:null,&quot;jet_parallax_layout_fx_direction&quot;:null,&quot;jet_parallax_layout_z_index&quot;:&quot;&quot;,&quot;jet_parallax_layout_bg_x&quot;:50,&quot;jet_parallax_layout_bg_x_tablet&quot;:&quot;&quot;,&quot;jet_parallax_layout_bg_x_mobile&quot;:&quot;&quot;,&quot;jet_parallax_layout_bg_y&quot;:50,&quot;jet_parallax_layout_bg_y_tablet&quot;:&quot;&quot;,&quot;jet_parallax_layout_bg_y_mobile&quot;:&quot;&quot;,&quot;jet_parallax_layout_bg_size&quot;:&quot;auto&quot;,&quot;jet_parallax_layout_bg_size_tablet&quot;:&quot;&quot;,&quot;jet_parallax_layout_bg_size_mobile&quot;:&quot;&quot;,&quot;jet_parallax_layout_animation_prop&quot;:&quot;transform&quot;,&quot;jet_parallax_layout_on&quot;:[&quot;desktop&quot;,&quot;tablet&quot;]}]}\">\n\t\t\t\t\t\t<div class=\"elementor-container elementor-column-gap-no\">\n\t\t\t\t\t<div class=\"elementor-column elementor-col-100 elementor-top-column elementor-element elementor-element-79c17ae\" data-id=\"79c17ae\" data-element_type=\"column\">\n\t\t\t<div class=\"elementor-widget-wrap elementor-element-populated\">\n\t\t\t\t\t\t\t\t<div class=\"elementor-element elementor-element-2b83881 elementor-widget elementor-widget-text-editor\" data-id=\"2b83881\" data-element_type=\"widget\" data-widget_type=\"text-editor.default\">\n\t\t\t\t<div class=\"elementor-widget-container\">\n\t\t\t\t\t\t\t<p><span style=\"font-weight: 400;\">Nosso programana \u00e9 baseado em um curr\u00edculo norte americano, projetado para preparar os alunos para o ingresso bem sucedido e universidades nos Estados Unidos e internacionalmente. Os alunos tamb\u00e9m fazem as mat\u00e9rias de Estudos Brasileiros exigidos para o ingresso bem sucedido em universidades brasileiras. Os alunos tamb\u00e9m podem obter diploma americano e brasileiro na gradua\u00e7\u00e3o. Al\u00e9m disso, a EAR \u00e9 certificada para oferecer o diploma AP Capstone do College Board. Ao fazer uma s\u00e9rie de cursos de n\u00edvel universit\u00e1rio de Coloca\u00e7\u00e3o Avan\u00e7ada, nossos alunos podem obter um terceiro diploma, se desejarem.<\/span><\/p>\n<p><span style=\"font-weight: 400;\">Queremos que nossos alunos se tornem indiv\u00edduos bem formados, preparados para serem cidad\u00e3os mundiais respons\u00e1veis \u200b\u200be informados, por isso educamos a pessoa como um todo em mente. Nossos alunos s\u00e3o expostos a um amplo aspecto de disciplinas acad\u00eamicas, desde Literatura Inglesa, Matem\u00e1tica, Ci\u00eancias e Estudos Sociais a L\u00ednguas Estrangeiras, Educa\u00e7\u00e3o F\u00edsica, Artes e Tecnologia. Gra\u00e7as \u00e0 programa\u00e7\u00e3o flex\u00edvel e ao nosso talentoso e dedicado corpo docente, oferecemos cursos al\u00e9m dos requisitos m\u00ednimos. <\/span><\/p>\n<p><span style=\"font-weight: 400;\">Oferecemos uma variedade de cursos avan\u00e7ados (AP) e muitos alunos realizam as provas de AP a cada ano. Essas provas permitem que os alunos obtenham cr\u00e9dito universit\u00e1rio. Tamb\u00e9m oferecemos aulas eletivas, como M\u00fasica, Est\u00fadio de Artes, Ci\u00eancia da Computa\u00e7\u00e3o, Fotojornalismo, Espanhol, Franc\u00eas e Finan\u00e7as Pessoais. Al\u00e9m de atividades extracurriculares como Modelo das Na\u00e7\u00f5es Unidas, DECA, EcoClub, Esportes, Dan\u00e7a, Rob\u00f3tica e Xadrez. As viagens de campo s\u00e3o projetadas para aprimorar e estender o curr\u00edculo e permitir que os alunos explorem e desenvolvam seus talentos e interesses individuais. <\/span><\/p>\n<p><span style=\"font-weight: 400;\">O corpo docente do Secondary trabalha para desenvolver unidades de estudo que ajudam os alunos a desenvolverem pesquisas, apresenta\u00e7\u00f5es e habilidades colaborativas ao mesmo tempo que abordam os objetivos curriculares. Nosso corpo docente modela e incentiva o uso significativo da tecnologia.<\/span><\/p>\n<p><span style=\"font-weight: 400;\">Fam\u00edlias que procuram uma escola comprometida com o crescimento pessoal e acad\u00eamico em um ambiente de aprendizagem seguro, de apoio e personalizado, v\u00e3o encontrar aqui. Estamos ansiosos para ouvir de voc\u00ea.<\/span><\/p>\n\t\t\t\t\t\t<\/div>\n\t\t\t\t<\/div>\n\t\t\t\t\t<\/div>\n\t\t<\/div>\n\t\t\t\t\t\t\t<\/div>\n\t\t<\/section>\n\t\t\t\t<section data-dce-background-color=\"#FFEC00\" data-dce-background-image-url=\"https:\/\/ear.com.br\/wp-content\/uploads\/2020\/12\/detalhe-test.png\" class=\"elementor-section elementor-top-section elementor-element elementor-element-8620921 elementor-hidden-desktop elementor-hidden-tablet elementor-hidden-mobile elementor-section-boxed elementor-section-height-default elementor-section-height-default\" data-id=\"8620921\" data-element_type=\"section\" data-settings=\"{&quot;jet_parallax_layout_list&quot;:[{&quot;jet_parallax_layout_image&quot;:{&quot;url&quot;:&quot;&quot;,&quot;id&quot;:&quot;&quot;},&quot;_id&quot;:&quot;3409c09&quot;,&quot;jet_parallax_layout_image_tablet&quot;:{&quot;url&quot;:&quot;&quot;,&quot;id&quot;:&quot;&quot;},&quot;jet_parallax_layout_image_mobile&quot;:{&quot;url&quot;:&quot;&quot;,&quot;id&quot;:&quot;&quot;},&quot;jet_parallax_layout_speed&quot;:{&quot;unit&quot;:&quot;%&quot;,&quot;size&quot;:50,&quot;sizes&quot;:[]},&quot;jet_parallax_layout_type&quot;:&quot;scroll&quot;,&quot;jet_parallax_layout_direction&quot;:null,&quot;jet_parallax_layout_fx_direction&quot;:null,&quot;jet_parallax_layout_z_index&quot;:&quot;&quot;,&quot;jet_parallax_layout_bg_x&quot;:50,&quot;jet_parallax_layout_bg_x_tablet&quot;:&quot;&quot;,&quot;jet_parallax_layout_bg_x_mobile&quot;:&quot;&quot;,&quot;jet_parallax_layout_bg_y&quot;:50,&quot;jet_parallax_layout_bg_y_tablet&quot;:&quot;&quot;,&quot;jet_parallax_layout_bg_y_mobile&quot;:&quot;&quot;,&quot;jet_parallax_layout_bg_size&quot;:&quot;auto&quot;,&quot;jet_parallax_layout_bg_size_tablet&quot;:&quot;&quot;,&quot;jet_parallax_layout_bg_size_mobile&quot;:&quot;&quot;,&quot;jet_parallax_layout_animation_prop&quot;:&quot;transform&quot;,&quot;jet_parallax_layout_on&quot;:[&quot;desktop&quot;,&quot;tablet&quot;]}],&quot;background_background&quot;:&quot;classic&quot;}\">\n\t\t\t\t\t\t<div class=\"elementor-container elementor-column-gap-no\">\n\t\t\t\t\t<div class=\"elementor-column elementor-col-50 elementor-top-column elementor-element elementor-element-82248fc\" data-id=\"82248fc\" data-element_type=\"column\">\n\t\t\t<div class=\"elementor-widget-wrap elementor-element-populated\">\n\t\t\t\t\t\t\t\t<div class=\"elementor-element elementor-element-543708a dce_masking-none elementor-widget elementor-widget-image\" data-id=\"543708a\" data-element_type=\"widget\" data-widget_type=\"image.default\">\n\t\t\t\t<div class=\"elementor-widget-container\">\n\t\t\t\t\t\t\t\t\t\t\t\t\t\t\t<img loading=\"lazy\" decoding=\"async\" width=\"400\" height=\"600\" src=\"https:\/\/www.ear.com.br\/wp-content\/uploads\/2022\/11\/Mr.Douglas.Musco_.png\" class=\"attachment-large size-large\" alt=\"\" srcset=\"https:\/\/www.ear.com.br\/wp-content\/uploads\/2022\/11\/Mr.Douglas.Musco_.png 400w, https:\/\/www.ear.com.br\/wp-content\/uploads\/2022\/11\/Mr.Douglas.Musco_-200x300.png 200w\" sizes=\"auto, (max-width: 400px) 100vw, 400px\" \/>\t\t\t\t\t\t\t\t\t\t\t\t\t\t\t<\/div>\n\t\t\t\t<\/div>\n\t\t\t\t\t<\/div>\n\t\t<\/div>\n\t\t\t\t<div class=\"elementor-column elementor-col-50 elementor-top-column elementor-element elementor-element-79e64b5\" data-id=\"79e64b5\" data-element_type=\"column\">\n\t\t\t<div class=\"elementor-widget-wrap elementor-element-populated\">\n\t\t\t\t\t\t\t\t<div class=\"elementor-element elementor-element-0a002e4 elementor-widget elementor-widget-heading\" data-id=\"0a002e4\" data-element_type=\"widget\" data-widget_type=\"heading.default\">\n\t\t\t\t<div class=\"elementor-widget-container\">\n\t\t\t<h2 class=\"elementor-heading-title elementor-size-default\">Bem-Vindos a Escola Americana do Recife!<\/h2>\t\t<\/div>\n\t\t\t\t<\/div>\n\t\t\t\t<div class=\"elementor-element elementor-element-e9e93d3 elementor-widget-divider--view-line elementor-widget elementor-widget-divider\" data-id=\"e9e93d3\" data-element_type=\"widget\" data-widget_type=\"divider.default\">\n\t\t\t\t<div class=\"elementor-widget-container\">\n\t\t\t\t\t<div class=\"elementor-divider\">\n\t\t\t<span class=\"elementor-divider-separator\">\n\t\t\t\t\t\t<\/span>\n\t\t<\/div>\n\t\t\t\t<\/div>\n\t\t\t\t<\/div>\n\t\t\t\t<div class=\"elementor-element elementor-element-8d75f2d elementor-widget elementor-widget-text-editor\" data-id=\"8d75f2d\" data-element_type=\"widget\" data-widget_type=\"text-editor.default\">\n\t\t\t\t<div class=\"elementor-widget-container\">\n\t\t\t\t\t\t\t<p> Sr. Douglas Musco<br> Coordenador do Fundamental Anos Finais e Ensino M\u00e9dio<\/p>\t\t\t\t\t\t<\/div>\n\t\t\t\t<\/div>\n\t\t\t\t\t<\/div>\n\t\t<\/div>\n\t\t\t\t\t\t\t<\/div>\n\t\t<\/section>\n\t\t\t\t\t\t\t<\/div>\n\t\t","protected":false},"excerpt":{"rendered":"<p>Pr\u00f3xima etapa: faculdade! O Secondary come\u00e7a no 6\u00ba ano e termina na formatura no final do 12\u00ba ano. Nosso programana \u00e9 baseado em um curr\u00edculo norte americano, projetado para preparar [&hellip;]<\/p>\n","protected":false},"author":1,"featured_media":0,"parent":6529,"menu_order":0,"comment_status":"closed","ping_status":"closed","template":"elementor_header_footer","meta":{"footnotes":""},"class_list":["post-6520","page","type-page","status-publish","hentry"],"_links":{"self":[{"href":"https:\/\/www.ear.com.br\/pt-br\/wp-json\/wp\/v2\/pages\/6520","targetHints":{"allow":["GET"]}}],"collection":[{"href":"https:\/\/www.ear.com.br\/pt-br\/wp-json\/wp\/v2\/pages"}],"about":[{"href":"https:\/\/www.ear.com.br\/pt-br\/wp-json\/wp\/v2\/types\/page"}],"author":[{"embeddable":true,"href":"https:\/\/www.ear.com.br\/pt-br\/wp-json\/wp\/v2\/users\/1"}],"replies":[{"embeddable":true,"href":"https:\/\/www.ear.com.br\/pt-br\/wp-json\/wp\/v2\/comments?post=6520"}],"version-history":[{"count":20,"href":"https:\/\/www.ear.com.br\/pt-br\/wp-json\/wp\/v2\/pages\/6520\/revisions"}],"predecessor-version":[{"id":21473,"href":"https:\/\/www.ear.com.br\/pt-br\/wp-json\/wp\/v2\/pages\/6520\/revisions\/21473"}],"up":[{"embeddable":true,"href":"https:\/\/www.ear.com.br\/pt-br\/wp-json\/wp\/v2\/pages\/6529"}],"wp:attachment":[{"href":"https:\/\/www.ear.com.br\/pt-br\/wp-json\/wp\/v2\/media?parent=6520"}],"curies":[{"name":"wp","href":"https:\/\/api.w.org\/{rel}","templated":true}]}}