{"id":6530,"date":"2021-04-06T20:08:20","date_gmt":"2021-04-06T20:08:20","guid":{"rendered":"https:\/\/wpsites.agenciakerno.com.br\/ear-site\/es-technology\/"},"modified":"2021-09-07T07:31:01","modified_gmt":"2021-09-07T07:31:01","slug":"es-technology","status":"publish","type":"page","link":"https:\/\/www.ear.com.br\/pt-br\/learning\/elementary-school\/es-technology\/","title":{"rendered":"ES Tecnologia"},"content":{"rendered":"\t\t<div data-elementor-type=\"wp-page\" data-elementor-id=\"6530\" class=\"elementor elementor-6530 elementor-3476\">\n\t\t\t\t\t\t\t\t\t<section data-dce-background-color=\"#F7F7F7\" data-dce-background-overlay-color=\"#000000\" data-dce-background-image-url=\"https:\/\/wpsites.agenciakerno.com.br\/ear-site\/wp-content\/uploads\/2021\/06\/19_learning_elementary-school_es-technology.png\" class=\"elementor-section elementor-top-section elementor-element elementor-element-fa2c3a1 elementor-section-height-min-height elementor-section-boxed elementor-section-height-default elementor-section-items-middle\" data-id=\"fa2c3a1\" data-element_type=\"section\" data-settings=\"{&quot;jet_parallax_layout_list&quot;:[{&quot;jet_parallax_layout_image&quot;:{&quot;url&quot;:&quot;&quot;,&quot;id&quot;:&quot;&quot;},&quot;_id&quot;:&quot;3409c09&quot;,&quot;jet_parallax_layout_image_tablet&quot;:{&quot;url&quot;:&quot;&quot;,&quot;id&quot;:&quot;&quot;},&quot;jet_parallax_layout_image_mobile&quot;:{&quot;url&quot;:&quot;&quot;,&quot;id&quot;:&quot;&quot;},&quot;jet_parallax_layout_speed&quot;:{&quot;unit&quot;:&quot;%&quot;,&quot;size&quot;:50,&quot;sizes&quot;:[]},&quot;jet_parallax_layout_type&quot;:&quot;scroll&quot;,&quot;jet_parallax_layout_direction&quot;:null,&quot;jet_parallax_layout_fx_direction&quot;:null,&quot;jet_parallax_layout_z_index&quot;:&quot;&quot;,&quot;jet_parallax_layout_bg_x&quot;:50,&quot;jet_parallax_layout_bg_x_tablet&quot;:&quot;&quot;,&quot;jet_parallax_layout_bg_x_mobile&quot;:&quot;&quot;,&quot;jet_parallax_layout_bg_y&quot;:50,&quot;jet_parallax_layout_bg_y_tablet&quot;:&quot;&quot;,&quot;jet_parallax_layout_bg_y_mobile&quot;:&quot;&quot;,&quot;jet_parallax_layout_bg_size&quot;:&quot;auto&quot;,&quot;jet_parallax_layout_bg_size_tablet&quot;:&quot;&quot;,&quot;jet_parallax_layout_bg_size_mobile&quot;:&quot;&quot;,&quot;jet_parallax_layout_animation_prop&quot;:&quot;transform&quot;,&quot;jet_parallax_layout_on&quot;:[&quot;desktop&quot;,&quot;tablet&quot;]}],&quot;background_background&quot;:&quot;classic&quot;}\">\n\t\t\t\t\t\t\t<div class=\"elementor-background-overlay\"><\/div>\n\t\t\t\t\t\t\t<div class=\"elementor-container elementor-column-gap-no\">\n\t\t\t\t\t<div class=\"elementor-column elementor-col-50 elementor-top-column elementor-element elementor-element-9d2c910\" data-id=\"9d2c910\" data-element_type=\"column\">\n\t\t\t<div class=\"elementor-widget-wrap elementor-element-populated\">\n\t\t\t\t\t\t\t\t<div class=\"elementor-element elementor-element-34b606a elementor-widget elementor-widget-heading\" data-id=\"34b606a\" data-element_type=\"widget\" data-widget_type=\"heading.default\">\n\t\t\t\t<div class=\"elementor-widget-container\">\n\t\t\t<h1 class=\"elementor-heading-title elementor-size-default\">Tecnologia<\/h1>\t\t<\/div>\n\t\t\t\t<\/div>\n\t\t\t\t<div class=\"elementor-element elementor-element-0b1b7f4 elementor-widget-divider--view-line elementor-widget elementor-widget-divider\" data-id=\"0b1b7f4\" data-element_type=\"widget\" data-widget_type=\"divider.default\">\n\t\t\t\t<div class=\"elementor-widget-container\">\n\t\t\t\t\t<div class=\"elementor-divider\">\n\t\t\t<span class=\"elementor-divider-separator\">\n\t\t\t\t\t\t<\/span>\n\t\t<\/div>\n\t\t\t\t<\/div>\n\t\t\t\t<\/div>\n\t\t\t\t<div class=\"elementor-element elementor-element-0d53666 elementor-widget elementor-widget-text-editor\" data-id=\"0d53666\" data-element_type=\"widget\" data-widget_type=\"text-editor.default\">\n\t\t\t\t<div class=\"elementor-widget-container\">\n\t\t\t\t\t\t\t<p><span style=\"font-weight: 400;\">Tecnologia \u00e9 Feita para Simplificar as Atividades<\/span><\/p>\n\t\t\t\t\t\t<\/div>\n\t\t\t\t<\/div>\n\t\t\t\t\t<\/div>\n\t\t<\/div>\n\t\t\t\t<div class=\"elementor-column elementor-col-50 elementor-top-column elementor-element elementor-element-ad8dcb5\" data-id=\"ad8dcb5\" data-element_type=\"column\">\n\t\t\t<div class=\"elementor-widget-wrap\">\n\t\t\t\t\t\t\t\t\t<\/div>\n\t\t<\/div>\n\t\t\t\t\t\t\t<\/div>\n\t\t<\/section>\n\t\t\t\t<section class=\"elementor-section elementor-top-section elementor-element elementor-element-5b4940e1 elementor-section-stretched elementor-section-boxed elementor-section-height-default elementor-section-height-default\" data-id=\"5b4940e1\" data-element_type=\"section\" data-settings=\"{&quot;stretch_section&quot;:&quot;section-stretched&quot;,&quot;jet_parallax_layout_list&quot;:[{&quot;jet_parallax_layout_image&quot;:{&quot;url&quot;:&quot;&quot;,&quot;id&quot;:&quot;&quot;},&quot;_id&quot;:&quot;b293334&quot;,&quot;jet_parallax_layout_image_tablet&quot;:{&quot;url&quot;:&quot;&quot;,&quot;id&quot;:&quot;&quot;},&quot;jet_parallax_layout_image_mobile&quot;:{&quot;url&quot;:&quot;&quot;,&quot;id&quot;:&quot;&quot;},&quot;jet_parallax_layout_speed&quot;:{&quot;unit&quot;:&quot;%&quot;,&quot;size&quot;:50,&quot;sizes&quot;:[]},&quot;jet_parallax_layout_type&quot;:&quot;scroll&quot;,&quot;jet_parallax_layout_direction&quot;:null,&quot;jet_parallax_layout_fx_direction&quot;:null,&quot;jet_parallax_layout_z_index&quot;:&quot;&quot;,&quot;jet_parallax_layout_bg_x&quot;:50,&quot;jet_parallax_layout_bg_x_tablet&quot;:&quot;&quot;,&quot;jet_parallax_layout_bg_x_mobile&quot;:&quot;&quot;,&quot;jet_parallax_layout_bg_y&quot;:50,&quot;jet_parallax_layout_bg_y_tablet&quot;:&quot;&quot;,&quot;jet_parallax_layout_bg_y_mobile&quot;:&quot;&quot;,&quot;jet_parallax_layout_bg_size&quot;:&quot;auto&quot;,&quot;jet_parallax_layout_bg_size_tablet&quot;:&quot;&quot;,&quot;jet_parallax_layout_bg_size_mobile&quot;:&quot;&quot;,&quot;jet_parallax_layout_animation_prop&quot;:&quot;transform&quot;,&quot;jet_parallax_layout_on&quot;:[&quot;desktop&quot;,&quot;tablet&quot;]}]}\">\n\t\t\t\t\t\t<div class=\"elementor-container elementor-column-gap-no\">\n\t\t\t\t\t<div class=\"elementor-column elementor-col-100 elementor-top-column elementor-element elementor-element-3d2237f1\" data-id=\"3d2237f1\" data-element_type=\"column\">\n\t\t\t<div class=\"elementor-widget-wrap elementor-element-populated\">\n\t\t\t\t\t\t\t\t<div class=\"elementor-element elementor-element-117848dc elementor-widget elementor-widget-text-editor\" data-id=\"117848dc\" data-element_type=\"widget\" data-widget_type=\"text-editor.default\">\n\t\t\t\t<div class=\"elementor-widget-container\">\n\t\t\t\t\t\t\t<p><span style=\"font-weight: 400;\">Na Escola Americana do Recife, os alunos, professores e funcion\u00e1rios podem se beneficiar da integra\u00e7\u00e3o da tecnologia no aprendizado. <\/span><\/p>\n<p><span style=\"font-weight: 400;\">Os professores est\u00e3o acostumados a aproveitar grandes vantagens da tecnologia nas salas de aula, melhorando sua experi\u00eancia de ensino e tamb\u00e9m ajudando os alunos da EAR a aprender melhor.<\/span><\/p>\n<p><span style=\"font-weight: 400;\">Aqui na EAR, temos uma infraestrutra de tecnologia robusta e redundante, capaz de manter servi\u00e7os de rede e internet para professores, alunos e equipe administrativa 24 horas por dia. Para ter um ambiente seguro para nossos alunos, estamos sempre seguindo e revisando os protocolos de seguran\u00e7a de toda a nossa rede.<\/span><\/p>\n<p><span style=\"font-weight: 400;\">A escola usa computadores, chromebooks, laptops, smartboards, projetores, c\u00e2meras de documentos e muito mais para realizar tarefas educacionais espec\u00edficas na escola. Os alunos podem usar computadores para aprender novas habilidades, como digita\u00e7\u00e3o, gram\u00e1tica e reda\u00e7\u00e3o. Eles tamb\u00e9m podem usar Wi-Fi para aprimorar suas habilidades de aprendizagem. A internet pode ser acessada gratuitamente em todo o campus, isso permite que o aluno aprenda individualmente enquanto usa seu dispositivo. Os alunos usam a internet para pesquisa e prop\u00f3sitos educacionais, sites n\u00e3o educacionais s\u00e3o bloqueados, garantindo um bom uso da internet na escola.<\/span><\/p>\n<p><span style=\"font-weight: 400;\">N\u00f3s temos uma propor\u00e7\u00e3o de 2-1 iPad\/aluno para nossos alunos do Pre K-4 e Kindergarten. H\u00e1 uma propor\u00e7\u00e3o de 1-1 Chromebook\/ aluno para alunos do 2\u00ba ao 5\u00ba ano. Os alunos do 2\u00ba e 5\u00ba ano s\u00e3o ensinados a navegar na plataforma do Google e a ter contas de e-mail pessoais. Al\u00e9m disso, h\u00e1 um laborat\u00f3rio de inform\u00e1tica com 23 computadores e um projetor. <\/span><\/p>\n<p><span style=\"font-weight: 400;\">Professores do ECC e Elementary recebem um desenvolvimento profissional em tecnogia para aprimorar suas aulas e o aprendizado de seus alunos. Os alunos tem acesso a plataformas online que estimulam sua criatividade, alfabetiza\u00e7\u00e3o e pensamento l\u00f3gico. <\/span><\/p>\n<p><span style=\"font-weight: 400;\">Ao longo do ano, a escola oferee eventos para aumentar a conscientiza\u00e7\u00e3o sobre cidadania digital. Os pais possuem acesso livre ao departamento de tecnologia (TI) da escola, para receber instru\u00e7\u00f5es e ajuda com todas as plataformas e dispositivos seus filhos utilizam fora do campus. Com isso, a Escola Americana do Recife, torna o uso da tecnologia f\u00e1cil e acess\u00edvel para toda nossa comunidade. <\/span><\/p>\n\t\t\t\t\t\t<\/div>\n\t\t\t\t<\/div>\n\t\t\t\t\t<\/div>\n\t\t<\/div>\n\t\t\t\t\t\t\t<\/div>\n\t\t<\/section>\n\t\t\t\t\t\t\t<\/div>\n\t\t","protected":false},"excerpt":{"rendered":"<p>Tecnologia Tecnologia \u00e9 Feita para Simplificar as Atividades Na Escola Americana do Recife, os alunos, professores e funcion\u00e1rios podem se beneficiar da integra\u00e7\u00e3o da tecnologia no aprendizado. Os professores est\u00e3o [&hellip;]<\/p>\n","protected":false},"author":1,"featured_media":0,"parent":6533,"menu_order":0,"comment_status":"closed","ping_status":"closed","template":"elementor_header_footer","meta":{"footnotes":""},"class_list":["post-6530","page","type-page","status-publish","hentry"],"_links":{"self":[{"href":"https:\/\/www.ear.com.br\/pt-br\/wp-json\/wp\/v2\/pages\/6530","targetHints":{"allow":["GET"]}}],"collection":[{"href":"https:\/\/www.ear.com.br\/pt-br\/wp-json\/wp\/v2\/pages"}],"about":[{"href":"https:\/\/www.ear.com.br\/pt-br\/wp-json\/wp\/v2\/types\/page"}],"author":[{"embeddable":true,"href":"https:\/\/www.ear.com.br\/pt-br\/wp-json\/wp\/v2\/users\/1"}],"replies":[{"embeddable":true,"href":"https:\/\/www.ear.com.br\/pt-br\/wp-json\/wp\/v2\/comments?post=6530"}],"version-history":[{"count":4,"href":"https:\/\/www.ear.com.br\/pt-br\/wp-json\/wp\/v2\/pages\/6530\/revisions"}],"predecessor-version":[{"id":6926,"href":"https:\/\/www.ear.com.br\/pt-br\/wp-json\/wp\/v2\/pages\/6530\/revisions\/6926"}],"up":[{"embeddable":true,"href":"https:\/\/www.ear.com.br\/pt-br\/wp-json\/wp\/v2\/pages\/6533"}],"wp:attachment":[{"href":"https:\/\/www.ear.com.br\/pt-br\/wp-json\/wp\/v2\/media?parent=6530"}],"curies":[{"name":"wp","href":"https:\/\/api.w.org\/{rel}","templated":true}]}}