{"id":6532,"date":"2021-04-06T04:54:44","date_gmt":"2021-04-06T04:54:44","guid":{"rendered":"https:\/\/wpsites.agenciakerno.com.br\/ear-site\/early-childhood-learning\/"},"modified":"2023-07-04T18:21:42","modified_gmt":"2023-07-04T18:21:42","slug":"early-childhood-learning","status":"publish","type":"page","link":"https:\/\/www.ear.com.br\/pt-br\/learning\/elementary-school\/early-childhood-learning\/","title":{"rendered":"Aprendizagem na Primeira Inf\u00e2ncia"},"content":{"rendered":"\t\t<div data-elementor-type=\"wp-page\" data-elementor-id=\"6532\" class=\"elementor elementor-6532 elementor-3449\">\n\t\t\t\t\t\t\t\t\t<section data-dce-background-color=\"#F7F7F7\" data-dce-background-image-url=\"https:\/\/ear.com.br\/wp-content\/uploads\/2023\/07\/learning_elementary-school_early-childhood-learning.jpg\" class=\"elementor-section elementor-top-section elementor-element elementor-element-94bc2fe elementor-section-height-min-height elementor-section-boxed elementor-section-height-default elementor-section-items-middle\" data-id=\"94bc2fe\" data-element_type=\"section\" data-settings=\"{&quot;jet_parallax_layout_list&quot;:[{&quot;jet_parallax_layout_image&quot;:{&quot;url&quot;:&quot;&quot;,&quot;id&quot;:&quot;&quot;},&quot;_id&quot;:&quot;3409c09&quot;,&quot;jet_parallax_layout_image_tablet&quot;:{&quot;url&quot;:&quot;&quot;,&quot;id&quot;:&quot;&quot;},&quot;jet_parallax_layout_image_mobile&quot;:{&quot;url&quot;:&quot;&quot;,&quot;id&quot;:&quot;&quot;},&quot;jet_parallax_layout_speed&quot;:{&quot;unit&quot;:&quot;%&quot;,&quot;size&quot;:50,&quot;sizes&quot;:[]},&quot;jet_parallax_layout_type&quot;:&quot;scroll&quot;,&quot;jet_parallax_layout_direction&quot;:null,&quot;jet_parallax_layout_fx_direction&quot;:null,&quot;jet_parallax_layout_z_index&quot;:&quot;&quot;,&quot;jet_parallax_layout_bg_x&quot;:50,&quot;jet_parallax_layout_bg_x_tablet&quot;:&quot;&quot;,&quot;jet_parallax_layout_bg_x_mobile&quot;:&quot;&quot;,&quot;jet_parallax_layout_bg_y&quot;:50,&quot;jet_parallax_layout_bg_y_tablet&quot;:&quot;&quot;,&quot;jet_parallax_layout_bg_y_mobile&quot;:&quot;&quot;,&quot;jet_parallax_layout_bg_size&quot;:&quot;auto&quot;,&quot;jet_parallax_layout_bg_size_tablet&quot;:&quot;&quot;,&quot;jet_parallax_layout_bg_size_mobile&quot;:&quot;&quot;,&quot;jet_parallax_layout_animation_prop&quot;:&quot;transform&quot;,&quot;jet_parallax_layout_on&quot;:[&quot;desktop&quot;,&quot;tablet&quot;]}],&quot;background_background&quot;:&quot;classic&quot;}\">\n\t\t\t\t\t\t\t<div class=\"elementor-background-overlay\"><\/div>\n\t\t\t\t\t\t\t<div class=\"elementor-container elementor-column-gap-no\">\n\t\t\t\t\t<div class=\"elementor-column elementor-col-50 elementor-top-column elementor-element elementor-element-e7f688f\" data-id=\"e7f688f\" data-element_type=\"column\">\n\t\t\t<div class=\"elementor-widget-wrap elementor-element-populated\">\n\t\t\t\t\t\t\t\t<div class=\"elementor-element elementor-element-04491ae elementor-widget elementor-widget-heading\" data-id=\"04491ae\" data-element_type=\"widget\" data-widget_type=\"heading.default\">\n\t\t\t\t<div class=\"elementor-widget-container\">\n\t\t\t<h1 class=\"elementor-heading-title elementor-size-default\">O futuro come\u00e7a aqui!<\/h1>\t\t<\/div>\n\t\t\t\t<\/div>\n\t\t\t\t<div class=\"elementor-element elementor-element-fefcfc3 elementor-widget-divider--view-line elementor-widget elementor-widget-divider\" data-id=\"fefcfc3\" data-element_type=\"widget\" data-widget_type=\"divider.default\">\n\t\t\t\t<div class=\"elementor-widget-container\">\n\t\t\t\t\t<div class=\"elementor-divider\">\n\t\t\t<span class=\"elementor-divider-separator\">\n\t\t\t\t\t\t<\/span>\n\t\t<\/div>\n\t\t\t\t<\/div>\n\t\t\t\t<\/div>\n\t\t\t\t<div class=\"elementor-element elementor-element-12daf3d elementor-widget elementor-widget-text-editor\" data-id=\"12daf3d\" data-element_type=\"widget\" data-widget_type=\"text-editor.default\">\n\t\t\t\t<div class=\"elementor-widget-container\">\n\t\t\t\t\t\t\t<p><span style=\"font-weight: 400;\">Na Educa\u00e7\u00e3o Infantil \u00e9 quando a escolha de continuar aprendendo ao longo de sua vida \u00e9 formada. <\/span><\/p>\n\t\t\t\t\t\t<\/div>\n\t\t\t\t<\/div>\n\t\t\t\t\t<\/div>\n\t\t<\/div>\n\t\t\t\t<div class=\"elementor-column elementor-col-50 elementor-top-column elementor-element elementor-element-5cc8ef6\" data-id=\"5cc8ef6\" data-element_type=\"column\">\n\t\t\t<div class=\"elementor-widget-wrap\">\n\t\t\t\t\t\t\t\t\t<\/div>\n\t\t<\/div>\n\t\t\t\t\t\t\t<\/div>\n\t\t<\/section>\n\t\t\t\t<section class=\"elementor-section elementor-top-section elementor-element elementor-element-49c3e9e8 elementor-section-stretched elementor-section-boxed elementor-section-height-default elementor-section-height-default\" data-id=\"49c3e9e8\" data-element_type=\"section\" data-settings=\"{&quot;stretch_section&quot;:&quot;section-stretched&quot;,&quot;jet_parallax_layout_list&quot;:[{&quot;jet_parallax_layout_image&quot;:{&quot;url&quot;:&quot;&quot;,&quot;id&quot;:&quot;&quot;},&quot;_id&quot;:&quot;b293334&quot;,&quot;jet_parallax_layout_image_tablet&quot;:{&quot;url&quot;:&quot;&quot;,&quot;id&quot;:&quot;&quot;},&quot;jet_parallax_layout_image_mobile&quot;:{&quot;url&quot;:&quot;&quot;,&quot;id&quot;:&quot;&quot;},&quot;jet_parallax_layout_speed&quot;:{&quot;unit&quot;:&quot;%&quot;,&quot;size&quot;:50,&quot;sizes&quot;:[]},&quot;jet_parallax_layout_type&quot;:&quot;scroll&quot;,&quot;jet_parallax_layout_direction&quot;:null,&quot;jet_parallax_layout_fx_direction&quot;:null,&quot;jet_parallax_layout_z_index&quot;:&quot;&quot;,&quot;jet_parallax_layout_bg_x&quot;:50,&quot;jet_parallax_layout_bg_x_tablet&quot;:&quot;&quot;,&quot;jet_parallax_layout_bg_x_mobile&quot;:&quot;&quot;,&quot;jet_parallax_layout_bg_y&quot;:50,&quot;jet_parallax_layout_bg_y_tablet&quot;:&quot;&quot;,&quot;jet_parallax_layout_bg_y_mobile&quot;:&quot;&quot;,&quot;jet_parallax_layout_bg_size&quot;:&quot;auto&quot;,&quot;jet_parallax_layout_bg_size_tablet&quot;:&quot;&quot;,&quot;jet_parallax_layout_bg_size_mobile&quot;:&quot;&quot;,&quot;jet_parallax_layout_animation_prop&quot;:&quot;transform&quot;,&quot;jet_parallax_layout_on&quot;:[&quot;desktop&quot;,&quot;tablet&quot;]}]}\">\n\t\t\t\t\t\t<div class=\"elementor-container elementor-column-gap-no\">\n\t\t\t\t\t<div class=\"elementor-column elementor-col-100 elementor-top-column elementor-element elementor-element-354ffa81\" data-id=\"354ffa81\" data-element_type=\"column\">\n\t\t\t<div class=\"elementor-widget-wrap elementor-element-populated\">\n\t\t\t\t\t\t\t\t<div class=\"elementor-element elementor-element-10dbabd3 elementor-widget elementor-widget-text-editor\" data-id=\"10dbabd3\" data-element_type=\"widget\" data-widget_type=\"text-editor.default\">\n\t\t\t\t<div class=\"elementor-widget-container\">\n\t\t\t\t\t\t\t<p><span style=\"font-weight: 400;\"><img loading=\"lazy\" decoding=\"async\" class=\"alignright wp-image-3452 size-full\" src=\"https:\/\/uat.ear.com.br\/wp-content\/uploads\/2021\/04\/Captura-de-Tela-2021-04-06-a%CC%80s-01.56.51.png\" alt=\"\" width=\"237\" height=\"219\"><\/span><\/p>\n<p><span style=\"font-weight: 400;\">Uma premissa fundamental do curr\u00edculo da aprendizagem na primeira inf\u00e2ncia \u00e9 que as crian\u00e7as s\u00e3o importantes. Embora isso possa ser um pensamento simplista, est\u00e1 no cerne do que acreditamos ser importante para fornecer programa\u00e7\u00e3o de qualidade para crian\u00e7as. E \u00e9 a for\u00e7a motriz por tr\u00e1s da investiga\u00e7\u00e3o cont\u00ednua de novas pesquisas e melhores pr\u00e1ticas para crian\u00e7as e da integra\u00e7\u00e3o desse novo aprendizado no desenvolvimento curricular cont\u00ednuo. <\/span><\/p>\n<p><span style=\"font-weight: 400;\">Sabemos que os primeiros anos da inf\u00e2ncia s\u00e3o repletos de imensas oportunidades e crescimento. E, por isso, as crian\u00e7as merecem um programa de educa\u00e7\u00e3o infantil de qualidade que lhes proporcione atividades envolventes e experi\u00eancias de aprendizagem que facilitem um desenvolvimento positivo. O curr\u00edculo da aprendizagem na primeira inf\u00e2ncia promove a prontid\u00e3o da escola, apoiando dom\u00ednios de desenvolvimento e padr\u00f5es de aprendizagem inicial.<\/span><\/p>\n<p><span style=\"font-weight: 400;\">Nosso Centro de Educa\u00e7\u00e3o Infantil (ECC) est\u00e1 localizado em uma \u00e1rea tranquila em nosso grande campus, cercado por \u00e1reas verdes arborizadas com playgrounds cuidadosamente planejados para a idade, para explora\u00e7\u00e3o criativa e brincadeiras. Por dentro, nossas salas de aula do ECC s\u00e3o projetadas para estimular o aprendizado, a seguran\u00e7a e a sa\u00fade ideais. O ECC tamb\u00e9m tem sua pr\u00f3pria cafeteria e estacionamento projetado especificamente para atender \u00e0s necessidades de nossos alunos mais jovens no Nursery, Pre-Kindergarten, Pre-Kindergarten 4 e Kindergarten.<\/span><\/p>\n<p><span style=\"font-weight: 400;\">Os primeiros anos da inf\u00e2ncia s\u00e3o uma \u00e9poca de imensas oportunidades e crescimento que deve incluir um programa educacional de desenvolvimento inicial de alta qualidade baseado em pesquisas. O curr\u00edculo de aprendizagem na primeira inf\u00e2ncia oferece prepara\u00e7\u00e3o por meio de atividades e experi\u00eancias que atendem \u00e0s necessidades de<\/span> <i><span style=\"font-weight: 400;\"> toda a crian\u00e7a <\/span><\/i><span style=\"font-weight: 400;\">em todos os dom\u00ednios de desenvolvimento e padr\u00f5es de aprendizagem inicial:<\/span><\/p>\n<ul>\n<li style=\"font-weight: 400;\" aria-level=\"1\"><span style=\"font-weight: 400;\">Desenvolvimento Social e Emocional<\/span><\/li>\n<li style=\"font-weight: 400;\" aria-level=\"1\"><span style=\"font-weight: 400;\">Abordagens de Aprendizagem<\/span><\/li>\n<li style=\"font-weight: 400;\" aria-level=\"1\"><span style=\"font-weight: 400;\">Criatividade e Artes<\/span><\/li>\n<li style=\"font-weight: 400;\" aria-level=\"1\"><span style=\"font-weight: 400;\">Desenvolvimento da Linguagem e da Fala: oral, escuta ativa, leitura e escrita.<\/span><\/li>\n<li style=\"font-weight: 400;\" aria-level=\"1\"><span style=\"font-weight: 400;\">Desenvolvimento Cognitivo: matem\u00e1tica, l\u00f3gica e racioc\u00ednio, ci\u00eancia e compreens\u00e3o social.<\/span><\/li>\n<li style=\"font-weight: 400;\" aria-level=\"1\"><span style=\"font-weight: 400;\">Desenvolvimento F\u00edsico e Motor.<\/span><\/li>\n<\/ul>\n<p><span style=\"font-weight: 400;\">O sucesso na aprendizagem inicial cria um ambiente que fornece uma base para as crian\u00e7as constru\u00edrem relacionamentos-chave com educadores e outras crian\u00e7as por meio de experi\u00eancias que as ajudem a aprender e compreender o mundo ao seu redor e a construir relacionamentos seguros e estimulantes.<\/span><\/p>\n<p><b>Nosso programa do ECC mant\u00e9m uma alta propor\u00e7\u00e3o de professor por aluno:<\/b><\/p>\n<ul>\n<li style=\"font-weight: 400;\" aria-level=\"1\"><span style=\"font-weight: 400;\">A divis\u00e3o do Nursery tem tr\u00eas salas de aula com propor\u00e7\u00e3o de adulto\/crian\u00e7a de 1: 6<\/span><\/li>\n<li style=\"font-weight: 400;\" aria-level=\"1\"><span style=\"font-weight: 400;\">A divis\u00e3o Pre-Kindergarten 3 tem duas salas de aula com propor\u00e7\u00e3o de adulto\/crian\u00e7a de 1: 9<\/span><\/li>\n<li style=\"font-weight: 400;\" aria-level=\"1\"><span style=\"font-weight: 400;\">A divis\u00e3o Pre-Kindergarten 4 tem duas salas de aula com propor\u00e7\u00e3o de adulto\/crian\u00e7a de 1:10<\/span><\/li>\n<\/ul>\n<div> <\/div>\n\t\t\t\t\t\t<\/div>\n\t\t\t\t<\/div>\n\t\t\t\t<div class=\"elementor-element elementor-element-1cc2b98 elementor-widget elementor-widget-text-editor\" data-id=\"1cc2b98\" data-element_type=\"widget\" data-widget_type=\"text-editor.default\">\n\t\t\t\t<div class=\"elementor-widget-container\">\n\t\t\t\t\t\t\t<p><strong><span style=\"letter-spacing: -0.18px;\">A Educa\u00e7\u00e3o Infantil \u00e9 a chave para a melhoria da sociedade. <\/span><\/strong><strong><span style=\"letter-spacing: -0.18px;\">N\u00e3o perca a oportunidade de fazer da EAR a sua segunda casa.<\/span><\/strong><\/p>\n\t\t\t\t\t\t<\/div>\n\t\t\t\t<\/div>\n\t\t\t\t<div class=\"elementor-element elementor-element-4845cf9 elementor-widget elementor-widget-jet-button\" data-id=\"4845cf9\" data-element_type=\"widget\" data-widget_type=\"jet-button.default\">\n\t\t\t\t<div class=\"elementor-widget-container\">\n\t\t\t<div class=\"elementor-jet-button jet-elements\"><div class=\"jet-button__container\">\n\t<a class=\"jet-button__instance jet-button__instance--icon-left hover-effect-0\" href=\"https:\/\/ear.com.br\/pt-br\/admissions\/how-to-apply\/schedule-a-visit\/\" target=\"_blank\" rel=\"noopener\">\n\t\t<div class=\"jet-button__plane jet-button__plane-normal\"><\/div>\n\t\t<div class=\"jet-button__plane jet-button__plane-hover\"><\/div>\n\t\t<div class=\"jet-button__state jet-button__state-normal\">\n\t\t\t<span class=\"jet-button__label\">Agende uma visita<\/span>\t\t<\/div>\n\t\t<div class=\"jet-button__state jet-button__state-hover\">\n\t\t\t<span class=\"jet-button__label\">Envie esse formul\u00e1rio<\/span>\t\t<\/div>\n\t<\/a>\n<\/div>\n<\/div>\t\t<\/div>\n\t\t\t\t<\/div>\n\t\t\t\t\t<\/div>\n\t\t<\/div>\n\t\t\t\t\t\t\t<\/div>\n\t\t<\/section>\n\t\t\t\t\t\t\t<\/div>\n\t\t","protected":false},"excerpt":{"rendered":"<p>O futuro come\u00e7a aqui! Na Educa\u00e7\u00e3o Infantil \u00e9 quando a escolha de continuar aprendendo ao longo de sua vida \u00e9 formada. Uma premissa fundamental do curr\u00edculo da aprendizagem na primeira [&hellip;]<\/p>\n","protected":false},"author":1,"featured_media":0,"parent":6533,"menu_order":0,"comment_status":"closed","ping_status":"closed","template":"elementor_header_footer","meta":{"footnotes":""},"class_list":["post-6532","page","type-page","status-publish","hentry"],"_links":{"self":[{"href":"https:\/\/www.ear.com.br\/pt-br\/wp-json\/wp\/v2\/pages\/6532","targetHints":{"allow":["GET"]}}],"collection":[{"href":"https:\/\/www.ear.com.br\/pt-br\/wp-json\/wp\/v2\/pages"}],"about":[{"href":"https:\/\/www.ear.com.br\/pt-br\/wp-json\/wp\/v2\/types\/page"}],"author":[{"embeddable":true,"href":"https:\/\/www.ear.com.br\/pt-br\/wp-json\/wp\/v2\/users\/1"}],"replies":[{"embeddable":true,"href":"https:\/\/www.ear.com.br\/pt-br\/wp-json\/wp\/v2\/comments?post=6532"}],"version-history":[{"count":20,"href":"https:\/\/www.ear.com.br\/pt-br\/wp-json\/wp\/v2\/pages\/6532\/revisions"}],"predecessor-version":[{"id":21331,"href":"https:\/\/www.ear.com.br\/pt-br\/wp-json\/wp\/v2\/pages\/6532\/revisions\/21331"}],"up":[{"embeddable":true,"href":"https:\/\/www.ear.com.br\/pt-br\/wp-json\/wp\/v2\/pages\/6533"}],"wp:attachment":[{"href":"https:\/\/www.ear.com.br\/pt-br\/wp-json\/wp\/v2\/media?parent=6532"}],"curies":[{"name":"wp","href":"https:\/\/api.w.org\/{rel}","templated":true}]}}