{"id":6541,"date":"2021-04-05T03:50:56","date_gmt":"2021-04-05T03:50:56","guid":{"rendered":"https:\/\/wpsites.agenciakerno.com.br\/ear-site\/how-to-apply\/"},"modified":"2024-10-10T12:47:34","modified_gmt":"2024-10-10T12:47:34","slug":"how-to-apply","status":"publish","type":"page","link":"https:\/\/www.ear.com.br\/pt-br\/admissions\/how-to-apply\/","title":{"rendered":"Como Aplicar"},"content":{"rendered":"\t\t<div data-elementor-type=\"wp-page\" data-elementor-id=\"6541\" class=\"elementor elementor-6541 elementor-3354\">\n\t\t\t\t\t\t\t\t\t<section data-dce-background-color=\"#F7F7F7\" data-dce-background-image-url=\"https:\/\/ear.com.br\/wp-content\/uploads\/2022\/02\/02-header-admissions3.jpg\" class=\"elementor-section elementor-top-section elementor-element elementor-element-759a642 elementor-section-height-min-height elementor-section-boxed elementor-section-height-default elementor-section-items-middle\" data-id=\"759a642\" data-element_type=\"section\" data-settings=\"{&quot;jet_parallax_layout_list&quot;:[{&quot;jet_parallax_layout_image&quot;:{&quot;url&quot;:&quot;&quot;,&quot;id&quot;:&quot;&quot;},&quot;_id&quot;:&quot;3409c09&quot;,&quot;jet_parallax_layout_image_tablet&quot;:{&quot;url&quot;:&quot;&quot;,&quot;id&quot;:&quot;&quot;},&quot;jet_parallax_layout_image_mobile&quot;:{&quot;url&quot;:&quot;&quot;,&quot;id&quot;:&quot;&quot;},&quot;jet_parallax_layout_speed&quot;:{&quot;unit&quot;:&quot;%&quot;,&quot;size&quot;:50,&quot;sizes&quot;:[]},&quot;jet_parallax_layout_type&quot;:&quot;scroll&quot;,&quot;jet_parallax_layout_direction&quot;:null,&quot;jet_parallax_layout_fx_direction&quot;:null,&quot;jet_parallax_layout_z_index&quot;:&quot;&quot;,&quot;jet_parallax_layout_bg_x&quot;:50,&quot;jet_parallax_layout_bg_x_tablet&quot;:&quot;&quot;,&quot;jet_parallax_layout_bg_x_mobile&quot;:&quot;&quot;,&quot;jet_parallax_layout_bg_y&quot;:50,&quot;jet_parallax_layout_bg_y_tablet&quot;:&quot;&quot;,&quot;jet_parallax_layout_bg_y_mobile&quot;:&quot;&quot;,&quot;jet_parallax_layout_bg_size&quot;:&quot;auto&quot;,&quot;jet_parallax_layout_bg_size_tablet&quot;:&quot;&quot;,&quot;jet_parallax_layout_bg_size_mobile&quot;:&quot;&quot;,&quot;jet_parallax_layout_animation_prop&quot;:&quot;transform&quot;,&quot;jet_parallax_layout_on&quot;:[&quot;desktop&quot;,&quot;tablet&quot;]}],&quot;background_background&quot;:&quot;classic&quot;}\">\n\t\t\t\t\t\t\t<div class=\"elementor-background-overlay\"><\/div>\n\t\t\t\t\t\t\t<div class=\"elementor-container elementor-column-gap-no\">\n\t\t\t\t\t<div class=\"elementor-column elementor-col-50 elementor-top-column elementor-element elementor-element-fa2347d\" data-id=\"fa2347d\" data-element_type=\"column\">\n\t\t\t<div class=\"elementor-widget-wrap elementor-element-populated\">\n\t\t\t\t\t\t\t\t<div class=\"elementor-element elementor-element-6393d9d elementor-widget elementor-widget-heading\" data-id=\"6393d9d\" data-element_type=\"widget\" data-widget_type=\"heading.default\">\n\t\t\t\t<div class=\"elementor-widget-container\">\n\t\t\t<h1 class=\"elementor-heading-title elementor-size-default\">O Futuro Come\u00e7a Aqui!<\/h1>\t\t<\/div>\n\t\t\t\t<\/div>\n\t\t\t\t<div class=\"elementor-element elementor-element-75255dd elementor-widget-divider--view-line elementor-widget elementor-widget-divider\" data-id=\"75255dd\" data-element_type=\"widget\" data-widget_type=\"divider.default\">\n\t\t\t\t<div class=\"elementor-widget-container\">\n\t\t\t\t\t<div class=\"elementor-divider\">\n\t\t\t<span class=\"elementor-divider-separator\">\n\t\t\t\t\t\t<\/span>\n\t\t<\/div>\n\t\t\t\t<\/div>\n\t\t\t\t<\/div>\n\t\t\t\t<div class=\"elementor-element elementor-element-0e82e2f elementor-widget elementor-widget-text-editor\" data-id=\"0e82e2f\" data-element_type=\"widget\" data-widget_type=\"text-editor.default\">\n\t\t\t\t<div class=\"elementor-widget-container\">\n\t\t\t\t\t\t\t<p>Fique atento a estes passos para se tornar uma \u00c1guia.<\/p>\n\t\t\t\t\t\t<\/div>\n\t\t\t\t<\/div>\n\t\t\t\t\t<\/div>\n\t\t<\/div>\n\t\t\t\t<div class=\"elementor-column elementor-col-50 elementor-top-column elementor-element elementor-element-60cb37f\" data-id=\"60cb37f\" data-element_type=\"column\">\n\t\t\t<div class=\"elementor-widget-wrap\">\n\t\t\t\t\t\t\t\t\t<\/div>\n\t\t<\/div>\n\t\t\t\t\t\t\t<\/div>\n\t\t<\/section>\n\t\t\t\t<section class=\"elementor-section elementor-top-section elementor-element elementor-element-53bb8885 elementor-section-stretched elementor-section-boxed elementor-section-height-default elementor-section-height-default\" data-id=\"53bb8885\" data-element_type=\"section\" data-settings=\"{&quot;stretch_section&quot;:&quot;section-stretched&quot;,&quot;jet_parallax_layout_list&quot;:[{&quot;jet_parallax_layout_image&quot;:{&quot;url&quot;:&quot;&quot;,&quot;id&quot;:&quot;&quot;},&quot;_id&quot;:&quot;b293334&quot;,&quot;jet_parallax_layout_image_tablet&quot;:{&quot;url&quot;:&quot;&quot;,&quot;id&quot;:&quot;&quot;},&quot;jet_parallax_layout_image_mobile&quot;:{&quot;url&quot;:&quot;&quot;,&quot;id&quot;:&quot;&quot;},&quot;jet_parallax_layout_speed&quot;:{&quot;unit&quot;:&quot;%&quot;,&quot;size&quot;:50,&quot;sizes&quot;:[]},&quot;jet_parallax_layout_type&quot;:&quot;scroll&quot;,&quot;jet_parallax_layout_direction&quot;:null,&quot;jet_parallax_layout_fx_direction&quot;:null,&quot;jet_parallax_layout_z_index&quot;:&quot;&quot;,&quot;jet_parallax_layout_bg_x&quot;:50,&quot;jet_parallax_layout_bg_x_tablet&quot;:&quot;&quot;,&quot;jet_parallax_layout_bg_x_mobile&quot;:&quot;&quot;,&quot;jet_parallax_layout_bg_y&quot;:50,&quot;jet_parallax_layout_bg_y_tablet&quot;:&quot;&quot;,&quot;jet_parallax_layout_bg_y_mobile&quot;:&quot;&quot;,&quot;jet_parallax_layout_bg_size&quot;:&quot;auto&quot;,&quot;jet_parallax_layout_bg_size_tablet&quot;:&quot;&quot;,&quot;jet_parallax_layout_bg_size_mobile&quot;:&quot;&quot;,&quot;jet_parallax_layout_animation_prop&quot;:&quot;transform&quot;,&quot;jet_parallax_layout_on&quot;:[&quot;desktop&quot;,&quot;tablet&quot;]}]}\">\n\t\t\t\t\t\t<div class=\"elementor-container elementor-column-gap-no\">\n\t\t\t\t\t<div class=\"elementor-column elementor-col-100 elementor-top-column elementor-element elementor-element-4f49023d\" data-id=\"4f49023d\" data-element_type=\"column\">\n\t\t\t<div class=\"elementor-widget-wrap elementor-element-populated\">\n\t\t\t\t\t\t\t\t<div class=\"elementor-element elementor-element-45e04230 elementor-widget elementor-widget-text-editor\" data-id=\"45e04230\" data-element_type=\"widget\" data-widget_type=\"text-editor.default\">\n\t\t\t\t<div class=\"elementor-widget-container\">\n\t\t\t\t\t\t\t<p><b>Nursery<\/b><b>:<\/b><span style=\"font-weight: 400;\"> <\/span><\/p>\n<p><span style=\"font-weight: 400;\">Para matricular seu filho no Ber\u00e7ario (Nursery), a crian\u00e7a deve ter 2 anos at\u00e9 o dia 31 de julho. Entramos em contato com as fam\u00edlias interessadas em janeiro e enviamos as instru\u00e7\u00f5es para a reserva da vaga, que acontece entre os meses de fevereiro e mar\u00e7o do ano em que a crian\u00e7a deve entrar na escola.<\/span><\/p>\n<p><span style=\"font-weight: 400;\">At\u00e9 o fim de maio, n\u00f3s convidamos as fam\u00edlias inscritas para a reuni\u00e3o de<\/span><b>Jump Start<\/b><span style=\"font-weight: 400;\">. Esta \u00e9 uma reuni\u00e3o com todas as fam\u00edlias do Nursery, onde apresentamos nosso time de funcion\u00e1rios, explicamos a rotina da escola e esclarecemos todas as d\u00favidas que as fam\u00edlias possam ter. No mesmo dia, come\u00e7amos o processo de matr\u00edculas.<\/span><\/p>\n<p><span style=\"font-weight: 400;\">Antes do ano letivo come\u00e7ar, todas as fam\u00edlias s\u00e3o convidadas a comparecer a uma reuni\u00e3o individual com a psicologa da escola. Esta \u00e9 uma grande oportunidade para nos conhecermos e recebermos da melhor forma os nossos novos alunos!<\/span><\/p>\n<p><b>Pre-Kindergarten 3, Pre-Kindergarten 4 and Kindergarten<\/b><b>:<\/b><\/p>\n<p><span style=\"font-weight: 400;\">Alunos do Pre-Kindergarten 3 devem ter 3 anos at\u00e9 31 de julho para serem aptos a se matricularem em agosto.<\/span><\/p>\n<p><span style=\"font-weight: 400;\">Alunos do Pre-Kindergarten 4 devem ter 4 anos de idade at\u00e9 31 de julho para serem aptos a se matricularem em agosto.<\/span><\/p>\n<p><span style=\"font-weight: 400;\">Kindergarten devem ter 5 anos at\u00e9 31 de julho para serem aptos a se matricularem em agosto.<\/span><\/p>\n<p><span style=\"font-weight: 400;\">\u00c9 exigido dos pais ou guardi\u00f5es legais o envio dos documentos de inscri\u00e7\u00e3o para os alunos aptos a se matricularem no Centro de Educa\u00e7\u00e3o Infantil (Early Childhood Center &#8211; ECC).<\/span><\/p>\n<p><span style=\"font-weight: 400;\">*Quando as turmas do ECC estiverem cheias, \u00e9 criado um <\/span><b> Ambiente de Espera.<\/b><span style=\"font-weight: 400;\">. Para fazer parte dele, siga os seguintes passos:<\/span><\/p>\n<ol>\n<li><span style=\"font-weight: 400;\">Acesse: <\/span><a href=\"http:\/\/www.ear.com.br\/\"><span style=\"font-weight: 400;\">ear.com.br<\/span><\/a><span style=\"font-weight: 400;\"> \u2192 Admiss\u00f5es \u2192 Como se matricular\u2192<\/span><span style=\"font-weight: 400;\"><a href=\"http:\/\/waitlist.ear.com.br\/\" target=\"_blank\" rel=\"noopener\"> Ambiente de espera<\/a>;<\/span><\/li>\n<li><span style=\"font-weight: 400;\"> Preencha o formul\u00e1rio e anexe todos os documentos necess\u00e1rios e clique em \u201cenviar\u201d;<\/span><\/li>\n<li><span style=\"font-weight: 400;\"> Assim que tivermos vaga no ano desejado, contactaremos a fam\u00edlia para uma entrevista com o(a) Coordenador(a) da Divis\u00e3o;<\/span><\/li>\n<li><span style=\"font-weight: 400;\"> Ap\u00f3s a entrevista, o departamento financeiro ir\u00e1 enviar um boleto de R$ 1.000,00 por email. Assim que o pagamento for recebido, a crian\u00e7a estar\u00e1 oficialmente no Ambiente de Espera.<\/span><\/li>\n<\/ol>\n<p><span style=\"font-weight: 400;\">*Esse valor ser\u00e1 descontado no ato da matr\u00edcula.<\/span><\/p>\n<p><b>1.\u00ba ao 12.\u00ba ano:<\/b><\/p>\n<ul>\n<li style=\"font-weight: 400;\" aria-level=\"1\"><span style=\"font-weight: 400;\">No final de cada semestre, a EAR realiza avalia\u00e7\u00f5es de profici\u00eancia na l\u00edngua inglesa, bem como testes extensivos para garantir que possamos atender \u00e0s necessidades de cada crian\u00e7a. <\/span><\/li>\n<li style=\"font-weight: 400;\" aria-level=\"1\"><span style=\"font-weight: 400;\">Al\u00e9m da avalia\u00e7\u00e3o, a fam\u00edlia do candidato participa de entrevista com nossa equipe pedag\u00f3gica.<\/span><\/li>\n<li style=\"font-weight: 400;\" aria-level=\"1\"><span style=\"font-weight: 400;\">Informamos com anteced\u00eancia as datas das avalia\u00e7\u00f5es para que possamos agendar hor\u00e1rios individualmente.<\/span><\/li>\n<li style=\"font-weight: 400;\" aria-level=\"1\"><span style=\"font-weight: 400;\">Ao informar as datas, \u00e9 necess\u00e1rio preencher a ficha de inscri\u00e7\u00e3o no site da escola. Por favor, acesse: <\/span><a href=\"https:\/\/ear.com.br\/admissions\/assessments-application\" target=\"_blank\" rel=\"noopener\"><span style=\"font-weight: 400;\">https:\/\/ear.com.br\/pt-br\/admissions\/how-to-apply\/enrollment-form\/<\/span><\/a><span style=\"font-weight: 400;\">e preencha o formul\u00e1rio de matr\u00edcula no final da p\u00e1gina. <\/span><\/li>\n<li style=\"font-weight: 400;\" aria-level=\"1\"><span style=\"font-weight: 400;\">Ao final do formul\u00e1rio, por favor anexe:<\/span>\n<ul>\n<li style=\"font-weight: 400;\" aria-level=\"2\"><span style=\"font-weight: 400;\">Certid\u00e3o de Nascimento do candidato;<\/span><\/li>\n<li style=\"font-weight: 400;\" aria-level=\"2\"><span style=\"font-weight: 400;\">Dois boletins mais recentes e qualquer documento que possa ser relevante para an\u00e1lise;<\/span><\/li>\n<li style=\"font-weight: 400;\" aria-level=\"2\"><span style=\"font-weight: 400;\">Foto do candidato. N\u00e3o precisa ser no formato 3&#215;4. Basta ser uma foto do candidato olhando para frente e s\u00f3 aparecer o rosto.<\/span><\/li>\n<\/ul>\n<\/li>\n<li style=\"font-weight: 400;\" aria-level=\"1\"><span style=\"font-weight: 400;\">S\u00f3 podemos prosseguir com o hor\u00e1rio da avalia\u00e7\u00e3o com o formul\u00e1rio de inscri\u00e7\u00e3o preenchido e todos os documentos devidamente enviados.<\/span><\/li>\n<li style=\"font-weight: 400;\" aria-level=\"1\"><span style=\"font-weight: 400;\">Obs. Alunos vindo de escolas internacionais: o setor acad\u00eamico analisa a documenta\u00e7\u00e3o e informa qual ser\u00e1 o procedimento.<\/span><\/li>\n<li style=\"font-weight: 400;\" aria-level=\"1\"><span style=\"font-weight: 400;\">Os testes s\u00e3o realizados de acordo com a disponibilidade de vagas de cada ano\/s\u00e9rie.<\/span><\/li>\n<\/ul>\n\t\t\t\t\t\t<\/div>\n\t\t\t\t<\/div>\n\t\t\t\t\t<\/div>\n\t\t<\/div>\n\t\t\t\t\t\t\t<\/div>\n\t\t<\/section>\n\t\t\t\t\t\t\t<\/div>\n\t\t","protected":false},"excerpt":{"rendered":"<p>O Futuro Come\u00e7a Aqui! Fique atento a estes passos para se tornar uma \u00c1guia. Nursery: Para matricular seu filho no Ber\u00e7ario (Nursery), a crian\u00e7a deve ter 2 anos at\u00e9 o [&hellip;]<\/p>\n","protected":false},"author":1,"featured_media":0,"parent":6548,"menu_order":0,"comment_status":"closed","ping_status":"closed","template":"elementor_header_footer","meta":{"footnotes":""},"class_list":["post-6541","page","type-page","status-publish","hentry"],"_links":{"self":[{"href":"https:\/\/www.ear.com.br\/pt-br\/wp-json\/wp\/v2\/pages\/6541","targetHints":{"allow":["GET"]}}],"collection":[{"href":"https:\/\/www.ear.com.br\/pt-br\/wp-json\/wp\/v2\/pages"}],"about":[{"href":"https:\/\/www.ear.com.br\/pt-br\/wp-json\/wp\/v2\/types\/page"}],"author":[{"embeddable":true,"href":"https:\/\/www.ear.com.br\/pt-br\/wp-json\/wp\/v2\/users\/1"}],"replies":[{"embeddable":true,"href":"https:\/\/www.ear.com.br\/pt-br\/wp-json\/wp\/v2\/comments?post=6541"}],"version-history":[{"count":19,"href":"https:\/\/www.ear.com.br\/pt-br\/wp-json\/wp\/v2\/pages\/6541\/revisions"}],"predecessor-version":[{"id":20719,"href":"https:\/\/www.ear.com.br\/pt-br\/wp-json\/wp\/v2\/pages\/6541\/revisions\/20719"}],"up":[{"embeddable":true,"href":"https:\/\/www.ear.com.br\/pt-br\/wp-json\/wp\/v2\/pages\/6548"}],"wp:attachment":[{"href":"https:\/\/www.ear.com.br\/pt-br\/wp-json\/wp\/v2\/media?parent=6541"}],"curies":[{"name":"wp","href":"https:\/\/api.w.org\/{rel}","templated":true}]}}