{"id":6542,"date":"2021-04-05T03:24:55","date_gmt":"2021-04-05T03:24:55","guid":{"rendered":"https:\/\/wpsites.agenciakerno.com.br\/ear-site\/curriculum\/"},"modified":"2024-04-09T17:35:29","modified_gmt":"2024-04-09T17:35:29","slug":"curriculum","status":"publish","type":"page","link":"https:\/\/www.ear.com.br\/pt-br\/learning\/curriculum\/","title":{"rendered":"Curriculum"},"content":{"rendered":"\t\t<div data-elementor-type=\"wp-page\" data-elementor-id=\"6542\" class=\"elementor elementor-6542 elementor-3336\">\n\t\t\t\t\t\t\t\t\t<section data-dce-background-color=\"#F7F7F7\" data-dce-background-image-url=\"https:\/\/ear.com.br\/wp-content\/uploads\/2024\/04\/HEAD-Learning-Curriculum.jpg\" class=\"elementor-section elementor-top-section elementor-element elementor-element-bd30e6f elementor-section-height-min-height elementor-section-boxed elementor-section-height-default elementor-section-items-middle\" data-id=\"bd30e6f\" data-element_type=\"section\" data-settings=\"{&quot;jet_parallax_layout_list&quot;:[{&quot;jet_parallax_layout_image&quot;:{&quot;url&quot;:&quot;&quot;,&quot;id&quot;:&quot;&quot;},&quot;_id&quot;:&quot;3409c09&quot;,&quot;jet_parallax_layout_image_tablet&quot;:{&quot;url&quot;:&quot;&quot;,&quot;id&quot;:&quot;&quot;},&quot;jet_parallax_layout_image_mobile&quot;:{&quot;url&quot;:&quot;&quot;,&quot;id&quot;:&quot;&quot;},&quot;jet_parallax_layout_speed&quot;:{&quot;unit&quot;:&quot;%&quot;,&quot;size&quot;:50,&quot;sizes&quot;:[]},&quot;jet_parallax_layout_type&quot;:&quot;scroll&quot;,&quot;jet_parallax_layout_direction&quot;:null,&quot;jet_parallax_layout_fx_direction&quot;:null,&quot;jet_parallax_layout_z_index&quot;:&quot;&quot;,&quot;jet_parallax_layout_bg_x&quot;:50,&quot;jet_parallax_layout_bg_x_tablet&quot;:&quot;&quot;,&quot;jet_parallax_layout_bg_x_mobile&quot;:&quot;&quot;,&quot;jet_parallax_layout_bg_y&quot;:50,&quot;jet_parallax_layout_bg_y_tablet&quot;:&quot;&quot;,&quot;jet_parallax_layout_bg_y_mobile&quot;:&quot;&quot;,&quot;jet_parallax_layout_bg_size&quot;:&quot;auto&quot;,&quot;jet_parallax_layout_bg_size_tablet&quot;:&quot;&quot;,&quot;jet_parallax_layout_bg_size_mobile&quot;:&quot;&quot;,&quot;jet_parallax_layout_animation_prop&quot;:&quot;transform&quot;,&quot;jet_parallax_layout_on&quot;:[&quot;desktop&quot;,&quot;tablet&quot;]}],&quot;background_background&quot;:&quot;classic&quot;}\">\n\t\t\t\t\t\t\t<div class=\"elementor-background-overlay\"><\/div>\n\t\t\t\t\t\t\t<div class=\"elementor-container elementor-column-gap-no\">\n\t\t\t\t\t<div class=\"elementor-column elementor-col-50 elementor-top-column elementor-element elementor-element-11143a4\" data-id=\"11143a4\" data-element_type=\"column\">\n\t\t\t<div class=\"elementor-widget-wrap elementor-element-populated\">\n\t\t\t\t\t\t\t\t<div class=\"elementor-element elementor-element-6ead9d8 elementor-widget elementor-widget-heading\" data-id=\"6ead9d8\" data-element_type=\"widget\" data-widget_type=\"heading.default\">\n\t\t\t\t<div class=\"elementor-widget-container\">\n\t\t\t<h1 class=\"elementor-heading-title elementor-size-default\">Conectando<br> vida e aprendizagem<\/h1>\t\t<\/div>\n\t\t\t\t<\/div>\n\t\t\t\t<div class=\"elementor-element elementor-element-f1d52f1 elementor-widget-divider--view-line elementor-widget elementor-widget-divider\" data-id=\"f1d52f1\" data-element_type=\"widget\" data-widget_type=\"divider.default\">\n\t\t\t\t<div class=\"elementor-widget-container\">\n\t\t\t\t\t<div class=\"elementor-divider\">\n\t\t\t<span class=\"elementor-divider-separator\">\n\t\t\t\t\t\t<\/span>\n\t\t<\/div>\n\t\t\t\t<\/div>\n\t\t\t\t<\/div>\n\t\t\t\t<div class=\"elementor-element elementor-element-9d8787c elementor-widget elementor-widget-heading\" data-id=\"9d8787c\" data-element_type=\"widget\" data-widget_type=\"heading.default\">\n\t\t\t\t<div class=\"elementor-widget-container\">\n\t\t\t<h1 class=\"elementor-heading-title elementor-size-default\">A Escola Americana do Recife (EAR) se orgulha em ser uma das intitui\u00e7\u00f5es l\u00edder de ensino e aprendizagem no Brasil.<\/h1>\t\t<\/div>\n\t\t\t\t<\/div>\n\t\t\t\t\t<\/div>\n\t\t<\/div>\n\t\t\t\t<div class=\"elementor-column elementor-col-50 elementor-top-column elementor-element elementor-element-c51a3eb\" data-id=\"c51a3eb\" data-element_type=\"column\">\n\t\t\t<div class=\"elementor-widget-wrap\">\n\t\t\t\t\t\t\t\t\t<\/div>\n\t\t<\/div>\n\t\t\t\t\t\t\t<\/div>\n\t\t<\/section>\n\t\t\t\t<section class=\"elementor-section elementor-top-section elementor-element elementor-element-2920d1d5 elementor-section-stretched elementor-section-boxed elementor-section-height-default elementor-section-height-default\" data-id=\"2920d1d5\" data-element_type=\"section\" data-settings=\"{&quot;stretch_section&quot;:&quot;section-stretched&quot;,&quot;jet_parallax_layout_list&quot;:[{&quot;jet_parallax_layout_image&quot;:{&quot;url&quot;:&quot;&quot;,&quot;id&quot;:&quot;&quot;},&quot;_id&quot;:&quot;b293334&quot;,&quot;jet_parallax_layout_image_tablet&quot;:{&quot;url&quot;:&quot;&quot;,&quot;id&quot;:&quot;&quot;},&quot;jet_parallax_layout_image_mobile&quot;:{&quot;url&quot;:&quot;&quot;,&quot;id&quot;:&quot;&quot;},&quot;jet_parallax_layout_speed&quot;:{&quot;unit&quot;:&quot;%&quot;,&quot;size&quot;:50,&quot;sizes&quot;:[]},&quot;jet_parallax_layout_type&quot;:&quot;scroll&quot;,&quot;jet_parallax_layout_direction&quot;:null,&quot;jet_parallax_layout_fx_direction&quot;:null,&quot;jet_parallax_layout_z_index&quot;:&quot;&quot;,&quot;jet_parallax_layout_bg_x&quot;:50,&quot;jet_parallax_layout_bg_x_tablet&quot;:&quot;&quot;,&quot;jet_parallax_layout_bg_x_mobile&quot;:&quot;&quot;,&quot;jet_parallax_layout_bg_y&quot;:50,&quot;jet_parallax_layout_bg_y_tablet&quot;:&quot;&quot;,&quot;jet_parallax_layout_bg_y_mobile&quot;:&quot;&quot;,&quot;jet_parallax_layout_bg_size&quot;:&quot;auto&quot;,&quot;jet_parallax_layout_bg_size_tablet&quot;:&quot;&quot;,&quot;jet_parallax_layout_bg_size_mobile&quot;:&quot;&quot;,&quot;jet_parallax_layout_animation_prop&quot;:&quot;transform&quot;,&quot;jet_parallax_layout_on&quot;:[&quot;desktop&quot;,&quot;tablet&quot;]}]}\">\n\t\t\t\t\t\t<div class=\"elementor-container elementor-column-gap-no\">\n\t\t\t\t\t<div class=\"elementor-column elementor-col-100 elementor-top-column elementor-element elementor-element-217f2f4d\" data-id=\"217f2f4d\" data-element_type=\"column\">\n\t\t\t<div class=\"elementor-widget-wrap elementor-element-populated\">\n\t\t\t\t\t\t\t\t<div class=\"elementor-element elementor-element-70de4c1a elementor-widget elementor-widget-text-editor\" data-id=\"70de4c1a\" data-element_type=\"widget\" data-widget_type=\"text-editor.default\">\n\t\t\t\t<div class=\"elementor-widget-container\">\n\t\t\t\t\t\t\t<p><span style=\"font-weight: 400;\">Como uma escola credenciada a Cognia,<a href=\"https:\/\/www.cognia.org\/\" target=\"_blank\" rel=\"noopener\"><img loading=\"lazy\" decoding=\"async\" class=\"alignright wp-image-11265\" src=\"https:\/\/wpsites.agenciakerno.com.br\/ear-site\/wp-content\/uploads\/2021\/11\/cognia_accred-badge-grey-684x684-1-150x150.png\" alt=\"\" width=\"189\" height=\"189\" srcset=\"https:\/\/www.ear.com.br\/wp-content\/uploads\/2021\/11\/cognia_accred-badge-grey-684x684-1-150x150.png 150w, https:\/\/www.ear.com.br\/wp-content\/uploads\/2021\/11\/cognia_accred-badge-grey-684x684-1-300x300.png 300w, https:\/\/www.ear.com.br\/wp-content\/uploads\/2021\/11\/cognia_accred-badge-grey-684x684-1-230x230.png 230w, https:\/\/www.ear.com.br\/wp-content\/uploads\/2021\/11\/cognia_accred-badge-grey-684x684-1-400x400.png 400w, https:\/\/www.ear.com.br\/wp-content\/uploads\/2021\/11\/cognia_accred-badge-grey-684x684-1-600x600.png 600w, https:\/\/www.ear.com.br\/wp-content\/uploads\/2021\/11\/cognia_accred-badge-grey-684x684-1-640x640.png 640w, https:\/\/www.ear.com.br\/wp-content\/uploads\/2021\/11\/cognia_accred-badge-grey-684x684-1.png 684w\" sizes=\"auto, (max-width: 189px) 100vw, 189px\" \/><\/a><\/span>nosso curr\u00edculo escolar foi elaborado para atender e exceder os requisitos dos \u00f3rg\u00e3os governamentais de educa\u00e7\u00e3o nos Estados Unidos e Brasil, o que significa que os alunos que frequentam a EAR ter\u00e3o a oportunidade de obter um diploma americano e brasileiro ap\u00f3s a formatura. <\/p>\n<p><span style=\"font-weight: 400;\">Somos uma escola que analisa, reflete e se adapta para implementar as melhores e mais atuais pr\u00e1ticas de ensino para nossos alunos. Examinamos nosso trabalho, dados e as pesquisas mais recentes para aperfei\u00e7oar o que e como ensinamos (Curr\u00edculo) para que cada aluno possa aprender o seu melhor. <\/span><\/p>\n<p><span style=\"font-weight: 400;\">Sabemos que isso significa que duas coisas precisam acontecer: <\/span><\/p>\n<p><span style=\"font-weight: 400;\">Primeiro, os curr\u00edculos acad\u00eamicos em cada \u00e1rea disciplinar devem ser rigorosos e alinhados com os padr\u00f5es de cada s\u00e9rie apropriada, para que possamos desenvolver pensadores cr\u00edticos e estudantes que nossa miss\u00e3o escolar exige. Na EAR, nosso curr\u00edculo e pr\u00e1ticas de ensino s\u00e3o orientadas por dois padr\u00f5es predominantes,<a href=\"http:\/\/www.projectaero.org\/\" target=\"_blank\" rel=\"noopener\">AERO (American Education Reaches Out)<\/a>e <a href=\"http:\/\/basenacionalcomum.mec.gov.br\/\" target=\"_blank\" rel=\"noopener\">BNCC (Base Nacional Comum Curricular)<\/a>. Esses padr\u00f5es sustentam o aprendizado de uma s\u00e9rie para a seguinte, s\u00e3o espec\u00edficos da disciplina e fornecem uma estrutura para garantir que todos os alunos recebam o conte\u00fado, pensamento cr\u00edtico e as habilidades necess\u00e1rias para um sucesso acad\u00eamico. Esses padr\u00f5es espec\u00edficos s\u00e3o encontrados em escolas brasileiras e internacionais, e s\u00e3o projetadas para preparar os alunos para as faculdades e universidades mais prestigiadas do mundo. <\/span><\/p>\n<p><span style=\"font-weight: 400;\">Segundo, os alunos devem amar o processo de ensino, para que possamos incentivar as caracter\u00edsticas que sabemos serem visiveis em todos os alunos ao longo da vida. Na EAR, os curr\u00edculos que utilizamos trabalham com o prop\u00f3sito de cultivar o amor pela leitura de um novo livro ou a escrever uma hist\u00f3ria criativa. Eles s\u00e3o projetados para envolver as curiosidades de nossos alunos para descobrirem um novo significado. Eles s\u00e3o projetados para incentivar perguntas e pesquisas que levam \u00e0 coleta de dados para entender mais sobre nosso mundo. N\u00e3o acreditamos que um curr\u00edculo deva ser embrulhado em pacotes e entregue na forma de ensino Em vez disso, acreditamos que \u00e9 uma estrutura viva que pode ser constantemente reorganizada para apoiar o ensino de todas as maneiras diferente que cada aluno necessita. Nossos alunos merecem a oportunidade de serem desafiados e auxiliados, de se expressarem e suas ideais, e de compartilharem seu aprendizado com o mundo. <\/span><\/p>\n<p><span style=\"font-weight: 400;\">A miss\u00e3o na EAR nos lembra que o pensamento cr\u00edtico e a educa\u00e7\u00e3o ao longo da vida, devem fazer parte da identidade de cada indiv\u00edduo em nossa escola e de todos os aspectos das nossas pr\u00e1ticas curriculares. Estamos aqui para formar um \u201cindiv\u00edduo completo\u201d, por isso que cada curr\u00edculo que usamos na EAR abrange esses dois princ\u00edpios fundamentais sobre como e o que ensinamos para que a necessidade de ensino de <\/span><b>TODOS<\/b><span style=\"font-weight: 400;\"> os alunos sejam atendidas. Isso inclui os curr\u00edculos das disciplinas b\u00e1sicas (Matem\u00e1tica, Ingl\u00eas, Ci\u00eancia, Estudos Sociais, e Portugu\u00eass) bem como os de disciplinas especiais, eletivas e nosso ensino S\u00f3cio-Emocial.<\/span><\/p>\n\t\t\t\t\t\t<\/div>\n\t\t\t\t<\/div>\n\t\t\t\t\t<\/div>\n\t\t<\/div>\n\t\t\t\t\t\t\t<\/div>\n\t\t<\/section>\n\t\t\t\t\t\t\t<\/div>\n\t\t","protected":false},"excerpt":{"rendered":"<p>Conectando vida e aprendizagem A Escola Americana do Recife (EAR) se orgulha em ser uma das intitui\u00e7\u00f5es l\u00edder de ensino e aprendizagem no Brasil. Como uma escola credenciada a Cognia,nosso [&hellip;]<\/p>\n","protected":false},"author":1,"featured_media":0,"parent":6544,"menu_order":0,"comment_status":"closed","ping_status":"closed","template":"elementor_header_footer","meta":{"footnotes":""},"class_list":["post-6542","page","type-page","status-publish","hentry"],"_links":{"self":[{"href":"https:\/\/www.ear.com.br\/pt-br\/wp-json\/wp\/v2\/pages\/6542","targetHints":{"allow":["GET"]}}],"collection":[{"href":"https:\/\/www.ear.com.br\/pt-br\/wp-json\/wp\/v2\/pages"}],"about":[{"href":"https:\/\/www.ear.com.br\/pt-br\/wp-json\/wp\/v2\/types\/page"}],"author":[{"embeddable":true,"href":"https:\/\/www.ear.com.br\/pt-br\/wp-json\/wp\/v2\/users\/1"}],"replies":[{"embeddable":true,"href":"https:\/\/www.ear.com.br\/pt-br\/wp-json\/wp\/v2\/comments?post=6542"}],"version-history":[{"count":20,"href":"https:\/\/www.ear.com.br\/pt-br\/wp-json\/wp\/v2\/pages\/6542\/revisions"}],"predecessor-version":[{"id":21679,"href":"https:\/\/www.ear.com.br\/pt-br\/wp-json\/wp\/v2\/pages\/6542\/revisions\/21679"}],"up":[{"embeddable":true,"href":"https:\/\/www.ear.com.br\/pt-br\/wp-json\/wp\/v2\/pages\/6544"}],"wp:attachment":[{"href":"https:\/\/www.ear.com.br\/pt-br\/wp-json\/wp\/v2\/media?parent=6542"}],"curies":[{"name":"wp","href":"https:\/\/api.w.org\/{rel}","templated":true}]}}